{"id":966,"date":"2017-02-07T15:30:09","date_gmt":"2017-02-07T17:30:09","guid":{"rendered":"http:\/\/catolicanet.net\/wp-cnet\/?page_id=966"},"modified":"2017-07-10T13:16:09","modified_gmt":"2017-07-10T16:16:09","slug":"cadastre-se-e-participe","status":"publish","type":"page","link":"https:\/\/catolicanet.net\/wp-cnet\/cadastre-se-e-participe\/","title":{"rendered":"Cadastre-se e participe!"},"content":{"rendered":"<div id=\"td_uid_1_69f94d5c085a4\" class=\"tdc-row\"><div class=\"vc_row td_uid_1_69f94d5c085ad_rand  wpb_row td-pb-row\" ><div class=\"vc_column td_uid_2_69f94d5c0885f_rand  wpb_column vc_column_container tdc-column td-pb-span8\"><div class=\"wpb_wrapper\">[vc_custom_heading source=&#8221;post_title&#8221; font_container=&#8221;tag:h1|text_align:left&#8221; google_fonts=&#8221;font_family:Merienda%3Aregular%2C700|font_style:400%20regular%3A400%3Anormal&#8221;][vc_custom_heading text=&#8221;Insira seus dados corretamente e fique atento \u00e0 nossa Home de not\u00edcias para saber o resultado do sorteio que acontece no final de cada m\u00eas. Boa sorte!&#8221; font_container=&#8221;tag:h3|text_align:left&#8221; google_fonts=&#8221;font_family:Delius%3Aregular|font_style:400%20regular%3A400%3Anormal&#8221;]<div class=\"wpb_wrapper td_block_empty_space td_block_wrap vc_empty_space td_uid_3_69f94d5c08a00_rand \"  style=\"height: 50px\"><\/div><div class=\"wpb_wrapper wpb_text_column td_block_wrap td_block_wrap vc_column_text td_uid_4_69f94d5c08a86_rand  td-pb-border-top td_block_template_1\"  data-td-block-uid=\"td_uid_4_69f94d5c08a86\" \"><div class=\"td-block-title-wrap\"><\/div><div class=\"td-fix-index\">\n<div class=\"wpcf7 no-js\" id=\"wpcf7-f31955-o1\" lang=\"pt-BR\" dir=\"ltr\" data-wpcf7-id=\"31955\">\n<div class=\"screen-reader-response\"><p role=\"status\" aria-live=\"polite\" aria-atomic=\"true\"><\/p> <ul><\/ul><\/div>\n<form action=\"\/wp-cnet\/wp-json\/wp\/v2\/pages\/966#wpcf7-f31955-o1\" method=\"post\" class=\"wpcf7-form init cf7skins cf7s-seaspray\" aria-label=\"Formul\u00e1rios de contato\" novalidate=\"novalidate\" data-status=\"init\">\n<fieldset class=\"hidden-fields-container\"><input type=\"hidden\" name=\"_wpcf7\" value=\"31955\" \/><input type=\"hidden\" name=\"_wpcf7_version\" value=\"6.1.5\" \/><input type=\"hidden\" name=\"_wpcf7_locale\" value=\"pt_BR\" \/><input type=\"hidden\" name=\"_wpcf7_unit_tag\" value=\"wpcf7-f31955-o1\" \/><input type=\"hidden\" name=\"_wpcf7_container_post\" value=\"0\" \/><input type=\"hidden\" name=\"_wpcf7_posted_data_hash\" value=\"\" \/>\n<\/fieldset>\n<label><strong> Nome <font color=\"FF0000\">*<\/font><\/strong>\n    <span class=\"wpcf7-form-control-wrap\" data-name=\"nome-completo\"><input size=\"40\" maxlength=\"400\" class=\"wpcf7-form-control wpcf7-text wpcf7-validates-as-required\" aria-required=\"true\" aria-invalid=\"false\" value=\"\" type=\"text\" name=\"nome-completo\" \/><\/span> <\/label>\n\n<label><strong> Endere\u00e7o <\/strong>\n    <span class=\"wpcf7-form-control-wrap\" data-name=\"endereco\"><input size=\"40\" maxlength=\"400\" class=\"wpcf7-form-control wpcf7-text\" aria-invalid=\"false\" value=\"\" type=\"text\" name=\"endereco\" \/><\/span> <\/label>\n\n<label><strong> Bairro <\/strong>\n    <span class=\"wpcf7-form-control-wrap\" data-name=\"bairro\"><input size=\"40\" maxlength=\"400\" class=\"wpcf7-form-control wpcf7-text\" aria-invalid=\"false\" value=\"\" type=\"text\" name=\"bairro\" \/><\/span> <\/label>\n\n<label><strong> Cidade <\/strong>\n    <span class=\"wpcf7-form-control-wrap\" data-name=\"cidade\"><input size=\"40\" maxlength=\"400\" class=\"wpcf7-form-control wpcf7-text\" aria-invalid=\"false\" value=\"\" type=\"text\" name=\"cidade\" \/><\/span> <\/label>\n\n<label><strong> CEP <\/strong>\n\t<span class=\"wpcf7-form-control-wrap\" data-name=\"cep\"><input class=\"wpcf7-form-control wpcf7-number wpcf7-validates-as-number\" aria-invalid=\"false\" value=\"\" type=\"number\" name=\"cep\" \/><\/span> <\/label>\n\t\n<label><strong> Estado <\/strong>\n    <span class=\"wpcf7-form-control-wrap\" data-name=\"estado\"><select class=\"wpcf7-form-control wpcf7-select\" aria-invalid=\"false\" name=\"estado\"><option value=\"\">&#8212;Escolha uma op\u00e7\u00e3o&#8212;<\/option><option value=\"Acre\">Acre<\/option><option value=\"Alagoas\">Alagoas<\/option><option value=\"Amap\u00e1\">Amap\u00e1<\/option><option value=\"Amazonas\">Amazonas<\/option><option value=\"Bahia\">Bahia<\/option><option value=\"Cear\u00e1\">Cear\u00e1<\/option><option value=\"Distrito Federal\">Distrito Federal<\/option><option value=\"Esp\u00edrito Santo\">Esp\u00edrito Santo<\/option><option value=\"Goi\u00e1s\">Goi\u00e1s<\/option><option value=\"Maranh\u00e3o\">Maranh\u00e3o<\/option><option value=\"Mato Grosso\">Mato Grosso<\/option><option value=\"Mato Grosso do Sul\">Mato Grosso do Sul<\/option><option value=\"Minas Gerais\">Minas Gerais<\/option><option value=\"Par\u00e1\">Par\u00e1<\/option><option value=\"Para\u00edba\">Para\u00edba<\/option><option value=\"Paran\u00e1\">Paran\u00e1<\/option><option value=\"Pernambuco\">Pernambuco<\/option><option value=\"Piau\u00ed\">Piau\u00ed<\/option><option value=\"Rio de Janeiro\">Rio de Janeiro<\/option><option value=\"Rio Grande do Norte\">Rio Grande do Norte<\/option><option value=\"Rio Grande do Sul\">Rio Grande do Sul<\/option><option value=\"Rond\u00f4nia\">Rond\u00f4nia<\/option><option value=\"Roraima\">Roraima<\/option><option value=\"Santa Catarina\">Santa Catarina<\/option><option value=\"S\u00e3o Paulo\">S\u00e3o Paulo<\/option><option value=\"Sergipe\">Sergipe<\/option><option value=\"Tocantins\">Tocantins<\/option><\/select><\/span> <\/label>\n\n<label><strong> Telefone <\/strong>(com DDD)\n  <span class=\"wpcf7-form-control-wrap\" data-name=\"telefone\"><input size=\"40\" maxlength=\"400\" class=\"wpcf7-form-control wpcf7-tel wpcf7-text wpcf7-validates-as-tel\" aria-invalid=\"false\" value=\"\" type=\"tel\" name=\"telefone\" \/><\/span> <\/label\n\n<label><strong> Email <font color=\"FF0000\">*<\/font><\/strong>\n  <span class=\"wpcf7-form-control-wrap\" data-name=\"email\"><input size=\"40\" maxlength=\"400\" class=\"wpcf7-form-control wpcf7-email wpcf7-validates-as-required wpcf7-text wpcf7-validates-as-email\" aria-required=\"true\" aria-invalid=\"false\" value=\"\" type=\"email\" name=\"email\" \/><\/span><\/label>\n\n<p><span class=\"wpcf7-form-control-wrap\" data-name=\"news\"><span class=\"wpcf7-form-control wpcf7-acceptance\"><span class=\"wpcf7-list-item\"><input type=\"checkbox\" name=\"news\" value=\"1\" checked=\"checked\" aria-invalid=\"false\" \/><\/span><\/span><\/span> Receber Newsletters exclusivas CatolicaNet<\/p>\n\n<p>(*) Campos obrigat\u00f3rios<\/p>\n\n<input class=\"wpcf7-form-control wpcf7-submit has-spinner\" type=\"submit\" value=\"Enviar\" \/><div class=\"wpcf7-response-output\" aria-hidden=\"true\"><\/div>\n<\/form>\n<\/div>\n\n<\/div><\/div><\/div><\/div><div class=\"vc_column td_uid_5_69f94d5c23f79_rand  wpb_column vc_column_container tdc-column td-pb-span4\"><div class=\"wpb_wrapper\"><div class=\"wpb_wrapper td_block_wrap vc_widget_sidebar td_uid_6_69f94d5c24040_rand \" ><div class=\"td_block_wrap td_block_24 td_block_widget td_uid_7_69f94d5c242a0_rand td-pb-border-top td_block_template_1\"  data-td-block-uid=\"td_uid_7_69f94d5c242a0\" ><script>var block_td_uid_7_69f94d5c242a0 = new tdBlock();\nblock_td_uid_7_69f94d5c242a0.id = \"td_uid_7_69f94d5c242a0\";\nblock_td_uid_7_69f94d5c242a0.atts = '{\"limit\":\"3\",\"sort\":\"\",\"post_ids\":\"\",\"tag_slug\":\"\",\"autors_id\":\"\",\"installed_post_types\":\"\",\"category_id\":\"\",\"category_ids\":\"7,4,3\",\"custom_title\":\"\\u00daltimas Not\\u00edcias\",\"custom_url\":\"\",\"show_child_cat\":\"\",\"sub_cat_ajax\":\"\",\"ajax_pagination\":\"\",\"header_color\":\"#\",\"header_text_color\":\"#\",\"ajax_pagination_infinite_stop\":\"\",\"td_column_number\":1,\"td_ajax_preloading\":\"\",\"td_ajax_filter_type\":\"\",\"td_ajax_filter_ids\":\"\",\"td_filter_default_txt\":\"All\",\"color_preset\":\"\",\"border_top\":\"\",\"class\":\"td_block_widget td_uid_7_69f94d5c242a0_rand\",\"el_class\":\"\",\"offset\":\"\",\"css\":\"\",\"tdc_css\":\"\",\"tdc_css_class\":\"td_uid_7_69f94d5c242a0_rand\",\"tdc_css_class_style\":\"td_uid_7_69f94d5c242a0_rand_style\",\"live_filter\":\"\",\"live_filter_cur_post_id\":\"\",\"live_filter_cur_post_author\":\"\",\"block_template_id\":\"\"}';\nblock_td_uid_7_69f94d5c242a0.td_column_number = \"1\";\nblock_td_uid_7_69f94d5c242a0.block_type = \"td_block_24\";\nblock_td_uid_7_69f94d5c242a0.post_count = \"3\";\nblock_td_uid_7_69f94d5c242a0.found_posts = \"22382\";\nblock_td_uid_7_69f94d5c242a0.header_color = \"#\";\nblock_td_uid_7_69f94d5c242a0.ajax_pagination_infinite_stop = \"\";\nblock_td_uid_7_69f94d5c242a0.max_num_pages = \"7461\";\ntdBlocksArray.push(block_td_uid_7_69f94d5c242a0);\n<\/script><div class=\"td-block-title-wrap\"><h4 class=\"block-title\"><span class=\"td-pulldown-size\">\u00daltimas Not\u00edcias<\/span><\/h4><\/div><div id=td_uid_7_69f94d5c242a0 class=\"td_block_inner td-column-1 td-opacity-author\">\n        <div class=\"td_module_mx16 td_module_wrap td-animation-stack\">\n            <div class=\"meta-info-container\">\n                <h3 class=\"entry-title td-module-title\"><a href=\"https:\/\/catolicanet.net\/wp-cnet\/dom-magnus-henrique-e-eleito-para-a-academia-brasileira-de-hagiologia\/\" rel=\"bookmark\" title=\"Dom Magnus Henrique \u00e9 eleito para a Academia Brasileira de Hagiologia\">Dom Magnus Henrique \u00e9 eleito para a Academia Brasileira de Hagiologia<\/a><\/h3>                <div class=\"td-info-container\">\n                    <div class=\"td-module-image\">\n                        <div class=\"td-module-thumb\"><a href=\"https:\/\/catolicanet.net\/wp-cnet\/dom-magnus-henrique-e-eleito-para-a-academia-brasileira-de-hagiologia\/\" rel=\"bookmark\" title=\"Dom Magnus Henrique \u00e9 eleito para a Academia Brasileira de Hagiologia\"><img loading=\"lazy\" decoding=\"async\" width=\"356\" height=\"364\" class=\"entry-thumb\" src=\"https:\/\/catolicanet.net\/wp-cnet\/wp-content\/uploads\/2026\/04\/30.04-356x364.png\" alt=\"\" title=\"Dom Magnus Henrique \u00e9 eleito para a Academia Brasileira de Hagiologia\"\/><\/a><\/div>                                            <\/div>\n\n                    <div class=\"td-item-details\">\n                        <div class=\"td-module-meta-info\">\n                            <span class=\"td-post-date\"><time class=\"entry-date updated td-module-date\" datetime=\"2026-04-30T13:54:55+00:00\" >30 de abril de 2026<\/time><\/span>                            <div class=\"td-module-comments\"><a href=\"https:\/\/catolicanet.net\/wp-cnet\/dom-magnus-henrique-e-eleito-para-a-academia-brasileira-de-hagiologia\/#respond\">0<\/a><\/div>                        <\/div>\n\n                        <div class=\"td-excerpt\">\n                            Religioso iniciou processo de beatifica\u00e7\u00e3o do Padre C\u00edcero Rom\u00e3o Batista, patrono de sua cadeira na ABRHAGI\r\nFoto: Divulga\u00e7\u00e3o...                        <\/div>\n\n                        <div class=\"td-read-more\">\n                            <a href=\"https:\/\/catolicanet.net\/wp-cnet\/dom-magnus-henrique-e-eleito-para-a-academia-brasileira-de-hagiologia\/\">Leia mais<\/a>\n                        <\/div>\n                    <\/div>\n                <\/div>\n            <\/div>\n\n        <\/div>\n\n        \n        <div class=\"td_module_mx16 td_module_wrap td-animation-stack\">\n            <div class=\"meta-info-container\">\n                <h3 class=\"entry-title td-module-title\"><a href=\"https:\/\/catolicanet.net\/wp-cnet\/hospital-pediatrico-do-papa-assina-acordo-com-instituto-de-pesquisa-de-lisboa\/\" rel=\"bookmark\" title=\"Hospital Pedi\u00e1trico do Papa assina acordo com instituto de pesquisa de Lisboa\">Hospital Pedi\u00e1trico do Papa assina acordo com instituto de pesquisa de Lisboa<\/a><\/h3>                <div class=\"td-info-container\">\n                    <div class=\"td-module-image\">\n                        <div class=\"td-module-thumb\"><a href=\"https:\/\/catolicanet.net\/wp-cnet\/hospital-pediatrico-do-papa-assina-acordo-com-instituto-de-pesquisa-de-lisboa\/\" rel=\"bookmark\" title=\"Hospital Pedi\u00e1trico do Papa assina acordo com instituto de pesquisa de Lisboa\"><img loading=\"lazy\" decoding=\"async\" width=\"250\" height=\"141\" class=\"entry-thumb\" src=\"https:\/\/catolicanet.net\/wp-cnet\/wp-content\/uploads\/2026\/04\/cq5dam.thumbnail.cropped.250.141-11.jpeg\" alt=\"\" title=\"Hospital Pedi\u00e1trico do Papa assina acordo com instituto de pesquisa de Lisboa\"\/><\/a><\/div>                                            <\/div>\n\n                    <div class=\"td-item-details\">\n                        <div class=\"td-module-meta-info\">\n                            <span class=\"td-post-date\"><time class=\"entry-date updated td-module-date\" datetime=\"2026-04-30T10:55:31+00:00\" >30 de abril de 2026<\/time><\/span>                            <div class=\"td-module-comments\"><a href=\"https:\/\/catolicanet.net\/wp-cnet\/hospital-pediatrico-do-papa-assina-acordo-com-instituto-de-pesquisa-de-lisboa\/#respond\">0<\/a><\/div>                        <\/div>\n\n                        <div class=\"td-excerpt\">\n                            O acordo visa criar uma sinergia no campo das terapias avan\u00e7adas, abrindo caminho para a cria\u00e7\u00e3o de...                        <\/div>\n\n                        <div class=\"td-read-more\">\n                            <a href=\"https:\/\/catolicanet.net\/wp-cnet\/hospital-pediatrico-do-papa-assina-acordo-com-instituto-de-pesquisa-de-lisboa\/\">Leia mais<\/a>\n                        <\/div>\n                    <\/div>\n                <\/div>\n            <\/div>\n\n        <\/div>\n\n        \n        <div class=\"td_module_mx16 td_module_wrap td-animation-stack\">\n            <div class=\"meta-info-container\">\n                <h3 class=\"entry-title td-module-title\"><a href=\"https:\/\/catolicanet.net\/wp-cnet\/o-papa-perseverar-na-caridade-e-na-proximidade-com-os-cristaos-do-oriente-medio\/\" rel=\"bookmark\" title=\"O Papa: perseverar na caridade e na proximidade com os crist\u00e3os do Oriente M\u00e9dio\">O Papa: perseverar na caridade e na proximidade com os crist\u00e3os do Oriente M\u00e9dio<\/a><\/h3>                <div class=\"td-info-container\">\n                    <div class=\"td-module-image\">\n                        <div class=\"td-module-thumb\"><a href=\"https:\/\/catolicanet.net\/wp-cnet\/o-papa-perseverar-na-caridade-e-na-proximidade-com-os-cristaos-do-oriente-medio\/\" rel=\"bookmark\" title=\"O Papa: perseverar na caridade e na proximidade com os crist\u00e3os do Oriente M\u00e9dio\"><img loading=\"lazy\" decoding=\"async\" width=\"250\" height=\"141\" class=\"entry-thumb\" src=\"https:\/\/catolicanet.net\/wp-cnet\/wp-content\/uploads\/2026\/04\/cq5dam.thumbnail.cropped.250.141-10.jpeg\" alt=\"\" title=\"O Papa: perseverar na caridade e na proximidade com os crist\u00e3os do Oriente M\u00e9dio\"\/><\/a><\/div>                                            <\/div>\n\n                    <div class=\"td-item-details\">\n                        <div class=\"td-module-meta-info\">\n                            <span class=\"td-post-date\"><time class=\"entry-date updated td-module-date\" datetime=\"2026-04-30T10:48:19+00:00\" >30 de abril de 2026<\/time><\/span>                            <div class=\"td-module-comments\"><a href=\"https:\/\/catolicanet.net\/wp-cnet\/o-papa-perseverar-na-caridade-e-na-proximidade-com-os-cristaos-do-oriente-medio\/#respond\">0<\/a><\/div>                        <\/div>\n\n                        <div class=\"td-excerpt\">\n                            Audi\u00eancia desta quinta-feira, 30 de abril, no Vaticano, aos membros da funda\u00e7\u00e3o Weltkirche-Weltmission.\u00a0 (@VATICAN MEDIA)\r\n\r\nPartindo da lembran\u00e7a...                        <\/div>\n\n                        <div class=\"td-read-more\">\n                            <a href=\"https:\/\/catolicanet.net\/wp-cnet\/o-papa-perseverar-na-caridade-e-na-proximidade-com-os-cristaos-do-oriente-medio\/\">Leia mais<\/a>\n                        <\/div>\n                    <\/div>\n                <\/div>\n            <\/div>\n\n        <\/div>\n\n        <\/div><\/div> <!-- .\/block --><\/div><div class=\"wpb_wrapper td_block_wrap vc_widget_sidebar td_uid_8_69f94d5c77275_rand \" ><aside class=\"td_block_template_1 widget singleBannerWidget\"><h4 class=\"block-title\"><span>Colabore!<\/span><\/h4><div class=\"banner_wrapper\" style=\"\"><div class=\"banner  banner-878 bottom vert custom-banners-theme-default_style\" style=\"width: auto; height: auto;\"><img loading=\"lazy\" decoding=\"async\" width=\"940\" height=\"788\" src=\"https:\/\/catolicanet.net\/wp-cnet\/wp-content\/uploads\/We-just-wanted-you-to-know-how-much-we-love-and-appreciate-you-Thank-you-for-everything-you-do-for-us.-_.jpg\" class=\"attachment-full size-full\" alt=\"\" srcset=\"https:\/\/catolicanet.net\/wp-cnet\/wp-content\/uploads\/We-just-wanted-you-to-know-how-much-we-love-and-appreciate-you-Thank-you-for-everything-you-do-for-us.-_.jpg 940w, https:\/\/catolicanet.net\/wp-cnet\/wp-content\/uploads\/We-just-wanted-you-to-know-how-much-we-love-and-appreciate-you-Thank-you-for-everything-you-do-for-us.-_-300x251.jpg 300w, https:\/\/catolicanet.net\/wp-cnet\/wp-content\/uploads\/We-just-wanted-you-to-know-how-much-we-love-and-appreciate-you-Thank-you-for-everything-you-do-for-us.-_-768x644.jpg 768w, https:\/\/catolicanet.net\/wp-cnet\/wp-content\/uploads\/We-just-wanted-you-to-know-how-much-we-love-and-appreciate-you-Thank-you-for-everything-you-do-for-us.-_-600x503.jpg 600w, https:\/\/catolicanet.net\/wp-cnet\/wp-content\/uploads\/We-just-wanted-you-to-know-how-much-we-love-and-appreciate-you-Thank-you-for-everything-you-do-for-us.-_-696x583.jpg 696w, https:\/\/catolicanet.net\/wp-cnet\/wp-content\/uploads\/We-just-wanted-you-to-know-how-much-we-love-and-appreciate-you-Thank-you-for-everything-you-do-for-us.-_-501x420.jpg 501w\" sizes=\"auto, (max-width: 940px) 100vw, 940px\" \/><a class=\"custom_banners_big_link\"  href=\"https:\/\/pag.ae\/blg0LKh\"><\/a><\/div><\/div><\/aside><\/div><\/div><\/div><\/div><\/div>\n\t\t\t<script>\n\n\t\t\t\tjQuery(window).load(function () {\n\t\t\t\t\tjQuery('body').find('#td_uid_1_69f94d5c085a4 .td-element-style').each(function (index, element) {\n\t\t\t\t\t\tjQuery(element).css('opacity', 1);\n\t\t\t\t\t\treturn;\n\t\t\t\t\t});\n\t\t\t\t});\n\n\t\t\t<\/script>\n\n\t\t\n\t\t\t<script>\n\n\t\t\t\tjQuery(window).ready(function () {\n\n\t\t\t\t\t\/\/ We need timeout because the content must be rendered and interpreted on client\n\t\t\t\t\tsetTimeout(function () {\n\n\t\t\t\t\t\tvar $content = jQuery('body').find('#tdc-live-iframe'),\n\t\t\t\t\t\t\trefWindow = undefined;\n\n\t\t\t\t\t\tif ($content.length) {\n\t\t\t\t\t\t\t$content = $content.contents();\n\t\t\t\t\t\t\trefWindow = document.getElementById('tdc-live-iframe').contentWindow || document.getElementById('tdc-live-iframe').contentDocument;\n\n\t\t\t\t\t\t} else {\n\t\t\t\t\t\t\t$content = jQuery('body');\n\t\t\t\t\t\t\trefWindow = window;\n\t\t\t\t\t\t}\n\n\t\t\t\t\t\t$content.find('#td_uid_1_69f94d5c085a4 .td-element-style').each(function (index, element) {\n\t\t\t\t\t\t\tjQuery(element).css('opacity', 1);\n\t\t\t\t\t\t\treturn;\n\t\t\t\t\t\t});\n\t\t\t\t\t});\n\n\t\t\t\t}, 200);\n\t\t\t<\/script>\n\n\t\t\t","protected":false},"excerpt":{"rendered":"[vc_custom_heading source=\"post_title\" font_container=\"tag:h1|text_align:left\" google_fonts=\"font_family:Merienda%3Aregular%2C700|font_style:400%20regular%3A400%3Anormal\"][vc_custom_heading text=\"Insira seus dados corretamente e fique atento \u00e0 nossa Home de not\u00edcias para saber o resultado do sorteio que acontece no final de cada m\u00eas. Boa sorte!\" font_container=\"tag:h3|text_align:left\" google_fonts=\"font_family:Delius%3Aregular|font_style:400%20regular%3A400%3Anormal\"]","protected":false},"author":1,"featured_media":0,"parent":0,"menu_order":0,"comment_status":"closed","ping_status":"closed","template":"","meta":{"footnotes":""},"class_list":["post-966","page","type-page","status-publish","hentry"],"_links":{"self":[{"href":"https:\/\/catolicanet.net\/wp-cnet\/wp-json\/wp\/v2\/pages\/966","targetHints":{"allow":["GET"]}}],"collection":[{"href":"https:\/\/catolicanet.net\/wp-cnet\/wp-json\/wp\/v2\/pages"}],"about":[{"href":"https:\/\/catolicanet.net\/wp-cnet\/wp-json\/wp\/v2\/types\/page"}],"author":[{"embeddable":true,"href":"https:\/\/catolicanet.net\/wp-cnet\/wp-json\/wp\/v2\/users\/1"}],"replies":[{"embeddable":true,"href":"https:\/\/catolicanet.net\/wp-cnet\/wp-json\/wp\/v2\/comments?post=966"}],"version-history":[{"count":11,"href":"https:\/\/catolicanet.net\/wp-cnet\/wp-json\/wp\/v2\/pages\/966\/revisions"}],"predecessor-version":[{"id":32706,"href":"https:\/\/catolicanet.net\/wp-cnet\/wp-json\/wp\/v2\/pages\/966\/revisions\/32706"}],"wp:attachment":[{"href":"https:\/\/catolicanet.net\/wp-cnet\/wp-json\/wp\/v2\/media?parent=966"}],"curies":[{"name":"wp","href":"https:\/\/api.w.org\/{rel}","templated":true}]}}