{"id":33288,"date":"2017-07-20T14:09:18","date_gmt":"2017-07-20T17:09:18","guid":{"rendered":"http:\/\/catolicanet.net\/wp-cnet\/?page_id=33288"},"modified":"2017-07-20T14:15:55","modified_gmt":"2017-07-20T17:15:55","slug":"documentos","status":"publish","type":"page","link":"https:\/\/catolicanet.net\/wp-cnet\/268-2\/documentos\/","title":{"rendered":"Documentos"},"content":{"rendered":"<div id=\"td_uid_1_69f6f1b56c091\" class=\"tdc-row\"><div class=\"vc_row td_uid_1_69f6f1b56c09a_rand  wpb_row td-pb-row\" ><div class=\"vc_column td_uid_2_69f6f1b56c311_rand  wpb_column vc_column_container tdc-column td-pb-span4\"><div class=\"wpb_wrapper\"><div class=\"wpb_wrapper td_block_single_image td_block_wrap  td-no-img-custom-url vc_single_image td_uid_3_69f6f1b56c467_rand  td-single-image-\"><a class=\"tdm-mobile-full\" style=\"background-image: url('https:\/\/catolicanet.net\/wp-cnet\/wp-content\/uploads\/documents-2282153_640.png'); height: 640px; background-size: cover; background-repeat: no-repeat; background-position: center center;\" href=\"#\"  rel=\"bookmark\"><\/a><\/div><\/div><\/div><div class=\"vc_column td_uid_4_69f6f1b56c889_rand  wpb_column vc_column_container tdc-column td-pb-span8\"><div class=\"wpb_wrapper\">[vc_custom_heading source=&#8221;post_title&#8221; google_fonts=&#8221;font_family:Merienda%3Aregular%2C700|font_style:400%20regular%3A400%3Anormal&#8221;]<div class=\"wpb_wrapper td_block_empty_space td_block_wrap vc_empty_space td_uid_5_69f6f1b56c941_rand \"  style=\"height: 32px\"><\/div><div class=\"wpb_wrapper wpb_text_column td_block_wrap td_block_wrap vc_column_text td_uid_6_69f6f1b56c970_rand  td-pb-border-top td_block_template_1\"  data-td-block-uid=\"td_uid_6_69f6f1b56c970\" \"><div class=\"td-block-title-wrap\"><\/div><div class=\"td-fix-index\"><p>Nesta p\u00e1gina est\u00e3o dispon\u00edveis alguns documentos relevantes para a visualiza\u00e7\u00e3o.<\/p>\n<\/div><\/div><div class=\"wpb_wrapper td_block_empty_space td_block_wrap vc_empty_space td_uid_7_69f6f1b5850ce_rand \"  style=\"height: 32px\"><\/div>[vc_toggle title=&#8221;CNBB&#8221; el_id=&#8221;1486394594557-d21c1c08-f155&#8243;]\r\n<ul>\r\n \t<li><a href=\"http:\/\/catolicanet.net\/wp-cnet\/wp-content\/uploads\/index-2-1.pdf\" target=\"_blank\" rel=\"noopener\">Testemunhar a F\u00e9 Viva em Pureza e Unidade<\/a><\/li>\r\n \t<li><a href=\"http:\/\/catolicanet.net\/wp-cnet\/wp-content\/uploads\/index-1-1.pdf\" target=\"_blank\" rel=\"noopener\">Diretrizes Gerais da a\u00e7\u00e3o Pastoral da Igreja no Brasil 1975-1978<\/a><\/li>\r\n<\/ul>\r\n[\/vc_toggle]<\/div><\/div><\/div><\/div>\n\t\t\t<script>\n\n\t\t\t\tjQuery(window).load(function () {\n\t\t\t\t\tjQuery('body').find('#td_uid_1_69f6f1b56c091 .td-element-style').each(function (index, element) {\n\t\t\t\t\t\tjQuery(element).css('opacity', 1);\n\t\t\t\t\t\treturn;\n\t\t\t\t\t});\n\t\t\t\t});\n\n\t\t\t<\/script>\n\n\t\t\n\t\t\t<script>\n\n\t\t\t\tjQuery(window).ready(function () {\n\n\t\t\t\t\t\/\/ We need timeout because the content must be rendered and interpreted on client\n\t\t\t\t\tsetTimeout(function () {\n\n\t\t\t\t\t\tvar $content = jQuery('body').find('#tdc-live-iframe'),\n\t\t\t\t\t\t\trefWindow = undefined;\n\n\t\t\t\t\t\tif ($content.length) {\n\t\t\t\t\t\t\t$content = $content.contents();\n\t\t\t\t\t\t\trefWindow = document.getElementById('tdc-live-iframe').contentWindow || document.getElementById('tdc-live-iframe').contentDocument;\n\n\t\t\t\t\t\t} else {\n\t\t\t\t\t\t\t$content = jQuery('body');\n\t\t\t\t\t\t\trefWindow = window;\n\t\t\t\t\t\t}\n\n\t\t\t\t\t\t$content.find('#td_uid_1_69f6f1b56c091 .td-element-style').each(function (index, element) {\n\t\t\t\t\t\t\tjQuery(element).css('opacity', 1);\n\t\t\t\t\t\t\treturn;\n\t\t\t\t\t\t});\n\t\t\t\t\t});\n\n\t\t\t\t}, 200);\n\t\t\t<\/script>\n\n\t\t\t","protected":false},"excerpt":{"rendered":"[vc_custom_heading source=\"post_title\" google_fonts=\"font_family:Merienda%3Aregular%2C700|font_style:400%20regular%3A400%3Anormal\"]","protected":false},"author":1,"featured_media":0,"parent":268,"menu_order":0,"comment_status":"closed","ping_status":"closed","template":"","meta":{"footnotes":""},"class_list":["post-33288","page","type-page","status-publish","hentry"],"_links":{"self":[{"href":"https:\/\/catolicanet.net\/wp-cnet\/wp-json\/wp\/v2\/pages\/33288","targetHints":{"allow":["GET"]}}],"collection":[{"href":"https:\/\/catolicanet.net\/wp-cnet\/wp-json\/wp\/v2\/pages"}],"about":[{"href":"https:\/\/catolicanet.net\/wp-cnet\/wp-json\/wp\/v2\/types\/page"}],"author":[{"embeddable":true,"href":"https:\/\/catolicanet.net\/wp-cnet\/wp-json\/wp\/v2\/users\/1"}],"replies":[{"embeddable":true,"href":"https:\/\/catolicanet.net\/wp-cnet\/wp-json\/wp\/v2\/comments?post=33288"}],"version-history":[{"count":4,"href":"https:\/\/catolicanet.net\/wp-cnet\/wp-json\/wp\/v2\/pages\/33288\/revisions"}],"predecessor-version":[{"id":33293,"href":"https:\/\/catolicanet.net\/wp-cnet\/wp-json\/wp\/v2\/pages\/33288\/revisions\/33293"}],"up":[{"embeddable":true,"href":"https:\/\/catolicanet.net\/wp-cnet\/wp-json\/wp\/v2\/pages\/268"}],"wp:attachment":[{"href":"https:\/\/catolicanet.net\/wp-cnet\/wp-json\/wp\/v2\/media?parent=33288"}],"curies":[{"name":"wp","href":"https:\/\/api.w.org\/{rel}","templated":true}]}}