{"id":268,"date":"2016-11-09T09:13:19","date_gmt":"2016-11-09T11:13:19","guid":{"rendered":"http:\/\/catolicanet.net\/wp-cnet\/?page_id=268"},"modified":"2017-07-27T15:41:09","modified_gmt":"2017-07-27T18:41:09","slug":"268-2","status":"publish","type":"page","link":"https:\/\/catolicanet.net\/wp-cnet\/268-2\/","title":{"rendered":"Informa\u00e7\u00f5es"},"content":{"rendered":"<div id=\"td_uid_1_69ea2484827f3\" class=\"tdc-row\"><div class=\"vc_row td_uid_1_69ea2484827fd_rand  wpb_row td-pb-row\" ><div class=\"vc_column td_uid_2_69ea248482a52_rand  wpb_column vc_column_container tdc-column td-pb-span12\"><div class=\"wpb_wrapper\">[vc_custom_heading source=&#8221;post_title&#8221; font_container=&#8221;tag:h1|text_align:center&#8221; google_fonts=&#8221;font_family:Merienda%3Aregular%2C700|font_style:400%20regular%3A400%3Anormal&#8221;]<div class=\"wpb_wrapper td_block_empty_space td_block_wrap vc_empty_space td_uid_3_69ea248482ae7_rand \"  style=\"height: 32px\"><\/div><\/div><\/div><\/div><\/div>\n\t\t\t<script>\n\n\t\t\t\tjQuery(window).load(function () {\n\t\t\t\t\tjQuery('body').find('#td_uid_1_69ea2484827f3 .td-element-style').each(function (index, element) {\n\t\t\t\t\t\tjQuery(element).css('opacity', 1);\n\t\t\t\t\t\treturn;\n\t\t\t\t\t});\n\t\t\t\t});\n\n\t\t\t<\/script>\n\n\t\t\n\t\t\t<script>\n\n\t\t\t\tjQuery(window).ready(function () {\n\n\t\t\t\t\t\/\/ We need timeout because the content must be rendered and interpreted on client\n\t\t\t\t\tsetTimeout(function () {\n\n\t\t\t\t\t\tvar $content = jQuery('body').find('#tdc-live-iframe'),\n\t\t\t\t\t\t\trefWindow = undefined;\n\n\t\t\t\t\t\tif ($content.length) {\n\t\t\t\t\t\t\t$content = $content.contents();\n\t\t\t\t\t\t\trefWindow = document.getElementById('tdc-live-iframe').contentWindow || document.getElementById('tdc-live-iframe').contentDocument;\n\n\t\t\t\t\t\t} else {\n\t\t\t\t\t\t\t$content = jQuery('body');\n\t\t\t\t\t\t\trefWindow = window;\n\t\t\t\t\t\t}\n\n\t\t\t\t\t\t$content.find('#td_uid_1_69ea2484827f3 .td-element-style').each(function (index, element) {\n\t\t\t\t\t\t\tjQuery(element).css('opacity', 1);\n\t\t\t\t\t\t\treturn;\n\t\t\t\t\t\t});\n\t\t\t\t\t});\n\n\t\t\t\t}, 200);\n\t\t\t<\/script>\n\n\t\t\t<div id=\"td_uid_4_69ea248482b22\" class=\"tdc-row\"><div class=\"vc_row td_uid_4_69ea248482b25_rand  wpb_row td-pb-row\" ><div class=\"vc_column td_uid_5_69ea248482bca_rand  wpb_column vc_column_container tdc-column td-pb-span6\"><div class=\"wpb_wrapper\">[vc_btn title=&#8221;Documentos&#8221; color=&#8221;info&#8221; size=&#8221;lg&#8221; align=&#8221;center&#8221; i_type=&#8221;openiconic&#8221; i_icon_openiconic=&#8221;vc-oi vc-oi-plus&#8221; link=&#8221;url:http%3A%2F%2Fcatolicanet.net%2Fwp-cnet%2F268-2%2Fdocumentos%2F|||&#8221; button_block=&#8221;true&#8221; add_icon=&#8221;true&#8221;][vc_btn title=&#8221;Maria&#8221; color=&#8221;info&#8221; size=&#8221;lg&#8221; align=&#8221;center&#8221; i_type=&#8221;openiconic&#8221; i_icon_openiconic=&#8221;vc-oi vc-oi-plus&#8221; link=&#8221;url:http%3A%2F%2Fcatolicanet.net%2Fwp-cnet%2F268-2%2Fmaria%2F|||&#8221; button_block=&#8221;true&#8221; add_icon=&#8221;true&#8221;][vc_btn title=&#8221;Padre C\u00edcero&#8221; color=&#8221;info&#8221; size=&#8221;lg&#8221; align=&#8221;center&#8221; i_type=&#8221;openiconic&#8221; i_icon_openiconic=&#8221;vc-oi vc-oi-plus&#8221; link=&#8221;url:http%3A%2F%2Fcatolicanet.net%2Fwp-cnet%2F268-2%2Fpadre-cicero%2F|||&#8221; button_block=&#8221;true&#8221; add_icon=&#8221;true&#8221;][vc_btn title=&#8221;Sacramentos&#8221; color=&#8221;info&#8221; size=&#8221;lg&#8221; align=&#8221;center&#8221; i_type=&#8221;openiconic&#8221; i_icon_openiconic=&#8221;vc-oi vc-oi-plus&#8221; link=&#8221;url:http%3A%2F%2Fcatolicanet.net%2Fwp-cnet%2F268-2%2Fsacramentos%2F|||&#8221; button_block=&#8221;true&#8221; add_icon=&#8221;true&#8221;]<\/div><\/div><div class=\"vc_column td_uid_6_69ea248482cec_rand  wpb_column vc_column_container tdc-column td-pb-span6\"><div class=\"wpb_wrapper\">[vc_btn title=&#8221;Dom Helder C\u00e2mara&#8221; color=&#8221;info&#8221; size=&#8221;lg&#8221; align=&#8221;center&#8221; i_type=&#8221;openiconic&#8221; i_icon_openiconic=&#8221;vc-oi vc-oi-plus&#8221; link=&#8221;url:http%3A%2F%2Fcatolicanet.net%2Fwp-cnet%2F268-2%2Fdom-helder-camara%2F|||&#8221; button_block=&#8221;true&#8221; add_icon=&#8221;true&#8221;][vc_btn title=&#8221;Padre Alder\u00edgi&#8221; color=&#8221;info&#8221; size=&#8221;lg&#8221; align=&#8221;center&#8221; i_type=&#8221;openiconic&#8221; i_icon_openiconic=&#8221;vc-oi vc-oi-plus&#8221; link=&#8221;url:http%3A%2F%2Fcatolicanet.net%2Fwp-cnet%2F268-2%2Fpadre-alderigi%2F|||&#8221; button_block=&#8221;true&#8221; add_icon=&#8221;true&#8221;][vc_btn title=&#8221;Papas&#8221; color=&#8221;info&#8221; size=&#8221;lg&#8221; align=&#8221;center&#8221; i_type=&#8221;openiconic&#8221; i_icon_openiconic=&#8221;vc-oi vc-oi-plus&#8221; link=&#8221;url:http%3A%2F%2Fcatolicanet.net%2Fwp-cnet%2F268-2%2Fpapas%2F|||&#8221; button_block=&#8221;true&#8221; add_icon=&#8221;true&#8221;][vc_btn title=&#8221;Santo Sud\u00e1rio&#8221; color=&#8221;info&#8221; size=&#8221;lg&#8221; align=&#8221;center&#8221; i_type=&#8221;openiconic&#8221; i_icon_openiconic=&#8221;vc-oi vc-oi-plus&#8221; link=&#8221;url:http%3A%2F%2Fcatolicanet.net%2Fwp-cnet%2F268-2%2Fsanto-sudario%2F|||&#8221; button_block=&#8221;true&#8221; add_icon=&#8221;true&#8221;]<\/div><\/div><\/div><\/div>\n\t\t\t<script>\n\n\t\t\t\tjQuery(window).load(function () {\n\t\t\t\t\tjQuery('body').find('#td_uid_4_69ea248482b22 .td-element-style').each(function (index, element) {\n\t\t\t\t\t\tjQuery(element).css('opacity', 1);\n\t\t\t\t\t\treturn;\n\t\t\t\t\t});\n\t\t\t\t});\n\n\t\t\t<\/script>\n\n\t\t\n\t\t\t<script>\n\n\t\t\t\tjQuery(window).ready(function () {\n\n\t\t\t\t\t\/\/ We need timeout because the content must be rendered and interpreted on client\n\t\t\t\t\tsetTimeout(function () {\n\n\t\t\t\t\t\tvar $content = jQuery('body').find('#tdc-live-iframe'),\n\t\t\t\t\t\t\trefWindow = undefined;\n\n\t\t\t\t\t\tif ($content.length) {\n\t\t\t\t\t\t\t$content = $content.contents();\n\t\t\t\t\t\t\trefWindow = document.getElementById('tdc-live-iframe').contentWindow || document.getElementById('tdc-live-iframe').contentDocument;\n\n\t\t\t\t\t\t} else {\n\t\t\t\t\t\t\t$content = jQuery('body');\n\t\t\t\t\t\t\trefWindow = window;\n\t\t\t\t\t\t}\n\n\t\t\t\t\t\t$content.find('#td_uid_4_69ea248482b22 .td-element-style').each(function (index, element) {\n\t\t\t\t\t\t\tjQuery(element).css('opacity', 1);\n\t\t\t\t\t\t\treturn;\n\t\t\t\t\t\t});\n\t\t\t\t\t});\n\n\t\t\t\t}, 200);\n\t\t\t<\/script>\n\n\t\t\t<div id=\"td_uid_7_69ea248482d3a\" class=\"tdc-row\"><div class=\"vc_row td_uid_7_69ea248482d3c_rand  wpb_row td-pb-row\" ><div class=\"vc_column td_uid_8_69ea248482d94_rand  wpb_column vc_column_container tdc-column td-pb-span12\"><div class=\"wpb_wrapper\"><div class=\"wpb_wrapper td_block_empty_space td_block_wrap vc_empty_space td_uid_9_69ea248482dd3_rand \"  style=\"height: 32px\"><\/div><\/div><\/div><\/div><\/div>\n\t\t\t<script>\n\n\t\t\t\tjQuery(window).load(function () {\n\t\t\t\t\tjQuery('body').find('#td_uid_7_69ea248482d3a .td-element-style').each(function (index, element) {\n\t\t\t\t\t\tjQuery(element).css('opacity', 1);\n\t\t\t\t\t\treturn;\n\t\t\t\t\t});\n\t\t\t\t});\n\n\t\t\t<\/script>\n\n\t\t\n\t\t\t<script>\n\n\t\t\t\tjQuery(window).ready(function () {\n\n\t\t\t\t\t\/\/ We need timeout because the content must be rendered and interpreted on client\n\t\t\t\t\tsetTimeout(function () {\n\n\t\t\t\t\t\tvar $content = jQuery('body').find('#tdc-live-iframe'),\n\t\t\t\t\t\t\trefWindow = undefined;\n\n\t\t\t\t\t\tif ($content.length) {\n\t\t\t\t\t\t\t$content = $content.contents();\n\t\t\t\t\t\t\trefWindow = document.getElementById('tdc-live-iframe').contentWindow || document.getElementById('tdc-live-iframe').contentDocument;\n\n\t\t\t\t\t\t} else {\n\t\t\t\t\t\t\t$content = jQuery('body');\n\t\t\t\t\t\t\trefWindow = window;\n\t\t\t\t\t\t}\n\n\t\t\t\t\t\t$content.find('#td_uid_7_69ea248482d3a .td-element-style').each(function (index, element) {\n\t\t\t\t\t\t\tjQuery(element).css('opacity', 1);\n\t\t\t\t\t\t\treturn;\n\t\t\t\t\t\t});\n\t\t\t\t\t});\n\n\t\t\t\t}, 200);\n\t\t\t<\/script>\n\n\t\t\t<div id=\"td_uid_10_69ea248482df2\" class=\"tdc-row\"><div class=\"vc_row td_uid_10_69ea248482df4_rand  wpb_row td-pb-row\" ><div class=\"vc_column td_uid_11_69ea248482e91_rand  wpb_column vc_column_container tdc-column td-pb-span12\"><div class=\"wpb_wrapper\"><div class=\"td_block_wrap td_block_15 td_uid_12_69ea248483035_rand td-pb-border-top td_block_template_1 td-column-3 td_block_padding\"  data-td-block-uid=\"td_uid_12_69ea248483035\" ><script>var block_td_uid_12_69ea248483035 = new tdBlock();\nblock_td_uid_12_69ea248483035.id = \"td_uid_12_69ea248483035\";\nblock_td_uid_12_69ea248483035.atts = '{\"limit\":5,\"sort\":\"\",\"post_ids\":\"\",\"tag_slug\":\"\",\"autors_id\":\"\",\"installed_post_types\":\"\",\"category_id\":\"\",\"category_ids\":\"-9, -13, -32\",\"custom_title\":\"\\u00daltimas not\\u00edcias\",\"custom_url\":\"\",\"show_child_cat\":\"\",\"sub_cat_ajax\":\"\",\"ajax_pagination\":\"\",\"header_color\":\"\",\"header_text_color\":\"\",\"ajax_pagination_infinite_stop\":\"\",\"td_column_number\":3,\"td_ajax_preloading\":\"\",\"td_ajax_filter_type\":\"\",\"td_ajax_filter_ids\":\"\",\"td_filter_default_txt\":\"Todos\",\"color_preset\":\"\",\"border_top\":\"\",\"class\":\"td_uid_12_69ea248483035_rand\",\"el_class\":\"\",\"offset\":\"\",\"css\":\"\",\"tdc_css\":\"\",\"tdc_css_class\":\"td_uid_12_69ea248483035_rand\",\"tdc_css_class_style\":\"td_uid_12_69ea248483035_rand_style\",\"live_filter\":\"\",\"live_filter_cur_post_id\":\"\",\"live_filter_cur_post_author\":\"\",\"block_template_id\":\"\"}';\nblock_td_uid_12_69ea248483035.td_column_number = \"3\";\nblock_td_uid_12_69ea248483035.block_type = \"td_block_15\";\nblock_td_uid_12_69ea248483035.post_count = \"5\";\nblock_td_uid_12_69ea248483035.found_posts = \"19376\";\nblock_td_uid_12_69ea248483035.header_color = \"\";\nblock_td_uid_12_69ea248483035.ajax_pagination_infinite_stop = \"\";\nblock_td_uid_12_69ea248483035.max_num_pages = \"3876\";\ntdBlocksArray.push(block_td_uid_12_69ea248483035);\n<\/script><div class=\"td-block-title-wrap\"><h4 class=\"block-title\"><span class=\"td-pulldown-size\">\u00daltimas not\u00edcias<\/span><\/h4><\/div><div id=td_uid_12_69ea248483035 class=\"td_block_inner td-column-3\">\n\n\t<div class=\"td-block-row\">\n\n\t<div class=\"td-block-span4\">\n\n        <div class=\"td_module_mx4 td_module_wrap td-animation-stack\">\n            <div class=\"td-module-image\">\n                <div class=\"td-module-thumb\"><a href=\"https:\/\/catolicanet.net\/wp-cnet\/leao-xiv-na-prisao-de-bata-a-verdadeira-justica-investe-na-dignidade-das-pessoas\/\" rel=\"bookmark\" title=\"Le\u00e3o XIV na pris\u00e3o de Bata: a verdadeira justi\u00e7a investe na dignidade das pessoas\"><img loading=\"lazy\" decoding=\"async\" width=\"218\" height=\"150\" class=\"entry-thumb\" src=\"https:\/\/catolicanet.net\/wp-cnet\/wp-content\/themes\/Newspaper\/images\/no-thumb\/td_218x150.png\" alt=\"\"\/><\/a><\/div>                            <\/div>\n\n            <h3 class=\"entry-title td-module-title\"><a href=\"https:\/\/catolicanet.net\/wp-cnet\/leao-xiv-na-prisao-de-bata-a-verdadeira-justica-investe-na-dignidade-das-pessoas\/\" rel=\"bookmark\" title=\"Le\u00e3o XIV na pris\u00e3o de Bata: a verdadeira justi\u00e7a investe na dignidade das pessoas\">Le\u00e3o XIV na pris\u00e3o de Bata: a verdadeira justi\u00e7a investe na...<\/a><\/h3>\n        <\/div>\n\n        \n\t<\/div> <!-- .\/td-block-span4 -->\n\n\t<div class=\"td-block-span4\">\n\n        <div class=\"td_module_mx4 td_module_wrap td-animation-stack\">\n            <div class=\"td-module-image\">\n                <div class=\"td-module-thumb\"><a href=\"https:\/\/catolicanet.net\/wp-cnet\/uma-oracao-pratica-para-diversas-ocasioes\/\" rel=\"bookmark\" title=\"Uma ora\u00e7\u00e3o pr\u00e1tica para diversas ocasi\u00f5es\"><img loading=\"lazy\" decoding=\"async\" width=\"218\" height=\"150\" class=\"entry-thumb\" src=\"https:\/\/catolicanet.net\/wp-cnet\/wp-content\/uploads\/2026\/04\/hands-blue-background-218x150.webp\" srcset=\"https:\/\/catolicanet.net\/wp-cnet\/wp-content\/uploads\/2026\/04\/hands-blue-background-218x150.webp 218w, https:\/\/catolicanet.net\/wp-cnet\/wp-content\/uploads\/2026\/04\/hands-blue-background-100x70.webp 100w\" sizes=\"auto, (max-width: 218px) 100vw, 218px\" alt=\"\" title=\"Uma ora\u00e7\u00e3o pr\u00e1tica para diversas ocasi\u00f5es\"\/><\/a><\/div>                            <\/div>\n\n            <h3 class=\"entry-title td-module-title\"><a href=\"https:\/\/catolicanet.net\/wp-cnet\/uma-oracao-pratica-para-diversas-ocasioes\/\" rel=\"bookmark\" title=\"Uma ora\u00e7\u00e3o pr\u00e1tica para diversas ocasi\u00f5es\">Uma ora\u00e7\u00e3o pr\u00e1tica para diversas ocasi\u00f5es<\/a><\/h3>\n        <\/div>\n\n        \n\t<\/div> <!-- .\/td-block-span4 -->\n\n\t<div class=\"td-block-span4\">\n\n        <div class=\"td_module_mx4 td_module_wrap td-animation-stack\">\n            <div class=\"td-module-image\">\n                <div class=\"td-module-thumb\"><a href=\"https:\/\/catolicanet.net\/wp-cnet\/quando-a-alma-cansa-depressao-vazio-e-a-coragem-de-continuar\/\" rel=\"bookmark\" title=\"Quando a alma cansa: depress\u00e3o, vazio e a coragem de continuar\"><img loading=\"lazy\" decoding=\"async\" width=\"218\" height=\"150\" class=\"entry-thumb\" src=\"https:\/\/catolicanet.net\/wp-cnet\/wp-content\/uploads\/2026\/04\/shutterstock_2229857745-218x150.webp\" srcset=\"https:\/\/catolicanet.net\/wp-cnet\/wp-content\/uploads\/2026\/04\/shutterstock_2229857745-218x150.webp 218w, https:\/\/catolicanet.net\/wp-cnet\/wp-content\/uploads\/2026\/04\/shutterstock_2229857745-100x70.webp 100w\" sizes=\"auto, (max-width: 218px) 100vw, 218px\" alt=\"\" title=\"Quando a alma cansa: depress\u00e3o, vazio e a coragem de continuar\"\/><\/a><\/div>                            <\/div>\n\n            <h3 class=\"entry-title td-module-title\"><a href=\"https:\/\/catolicanet.net\/wp-cnet\/quando-a-alma-cansa-depressao-vazio-e-a-coragem-de-continuar\/\" rel=\"bookmark\" title=\"Quando a alma cansa: depress\u00e3o, vazio e a coragem de continuar\">Quando a alma cansa: depress\u00e3o, vazio e a coragem de continuar<\/a><\/h3>\n        <\/div>\n\n        \n\t<\/div> <!-- .\/td-block-span4 -->\n\n\t<div class=\"td-block-span4\">\n\n        <div class=\"td_module_mx4 td_module_wrap td-animation-stack\">\n            <div class=\"td-module-image\">\n                <div class=\"td-module-thumb\"><a href=\"https:\/\/catolicanet.net\/wp-cnet\/conselho-nacional-do-laicato-do-brasil-lamenta-o-falecimento-de-carlos-francisco-signorelli-ex-presidente-do-organismo\/\" rel=\"bookmark\" title=\"Conselho Nacional do Laicato do Brasil lamenta o falecimento de Carlos Francisco Signorelli, ex-presidente do organismo\"><img loading=\"lazy\" decoding=\"async\" width=\"218\" height=\"150\" class=\"entry-thumb\" src=\"https:\/\/catolicanet.net\/wp-cnet\/wp-content\/uploads\/2026\/04\/maxresdefault-218x150.jpg\" srcset=\"https:\/\/catolicanet.net\/wp-cnet\/wp-content\/uploads\/2026\/04\/maxresdefault-218x150.jpg 218w, https:\/\/catolicanet.net\/wp-cnet\/wp-content\/uploads\/2026\/04\/maxresdefault-100x70.jpg 100w\" sizes=\"auto, (max-width: 218px) 100vw, 218px\" alt=\"\" title=\"Conselho Nacional do Laicato do Brasil lamenta o falecimento de Carlos Francisco Signorelli, ex-presidente do organismo\"\/><\/a><\/div>                            <\/div>\n\n            <h3 class=\"entry-title td-module-title\"><a href=\"https:\/\/catolicanet.net\/wp-cnet\/conselho-nacional-do-laicato-do-brasil-lamenta-o-falecimento-de-carlos-francisco-signorelli-ex-presidente-do-organismo\/\" rel=\"bookmark\" title=\"Conselho Nacional do Laicato do Brasil lamenta o falecimento de Carlos Francisco Signorelli, ex-presidente do organismo\">Conselho Nacional do Laicato do Brasil lamenta o falecimento de Carlos...<\/a><\/h3>\n        <\/div>\n\n        \n\t<\/div> <!-- .\/td-block-span4 -->\n\n\t<div class=\"td-block-span4\">\n\n        <div class=\"td_module_mx4 td_module_wrap td-animation-stack\">\n            <div class=\"td-module-image\">\n                <div class=\"td-module-thumb\"><a href=\"https:\/\/catolicanet.net\/wp-cnet\/papa-a-ameaca-contra-o-povo-iraniano-e-inaceitavel\/\" rel=\"bookmark\" title=\"Papa: a amea\u00e7a contra o povo iraniano \u00e9 inaceit\u00e1vel\"><img loading=\"lazy\" decoding=\"async\" width=\"218\" height=\"141\" class=\"entry-thumb\" src=\"https:\/\/catolicanet.net\/wp-cnet\/wp-content\/uploads\/2026\/04\/cq5dam.thumbnail.cropped.250.141-9-218x141.jpeg\" alt=\"\" title=\"Papa: a amea\u00e7a contra o povo iraniano \u00e9 inaceit\u00e1vel\"\/><\/a><\/div>                            <\/div>\n\n            <h3 class=\"entry-title td-module-title\"><a href=\"https:\/\/catolicanet.net\/wp-cnet\/papa-a-ameaca-contra-o-povo-iraniano-e-inaceitavel\/\" rel=\"bookmark\" title=\"Papa: a amea\u00e7a contra o povo iraniano \u00e9 inaceit\u00e1vel\">Papa: a amea\u00e7a contra o povo iraniano \u00e9 inaceit\u00e1vel<\/a><\/h3>\n        <\/div>\n\n        \n\t<\/div> <!-- .\/td-block-span4 --><\/div><!--.\/row-fluid--><\/div><\/div> <!-- .\/block --><div class=\"clearfix\"><\/div><\/div><\/div><\/div><\/div>\n\t\t\t<script>\n\n\t\t\t\tjQuery(window).load(function () {\n\t\t\t\t\tjQuery('body').find('#td_uid_10_69ea248482df2 .td-element-style').each(function (index, element) {\n\t\t\t\t\t\tjQuery(element).css('opacity', 1);\n\t\t\t\t\t\treturn;\n\t\t\t\t\t});\n\t\t\t\t});\n\n\t\t\t<\/script>\n\n\t\t\n\t\t\t<script>\n\n\t\t\t\tjQuery(window).ready(function () {\n\n\t\t\t\t\t\/\/ We need timeout because the content must be rendered and interpreted on client\n\t\t\t\t\tsetTimeout(function () {\n\n\t\t\t\t\t\tvar $content = jQuery('body').find('#tdc-live-iframe'),\n\t\t\t\t\t\t\trefWindow = undefined;\n\n\t\t\t\t\t\tif ($content.length) {\n\t\t\t\t\t\t\t$content = $content.contents();\n\t\t\t\t\t\t\trefWindow = document.getElementById('tdc-live-iframe').contentWindow || document.getElementById('tdc-live-iframe').contentDocument;\n\n\t\t\t\t\t\t} else {\n\t\t\t\t\t\t\t$content = jQuery('body');\n\t\t\t\t\t\t\trefWindow = window;\n\t\t\t\t\t\t}\n\n\t\t\t\t\t\t$content.find('#td_uid_10_69ea248482df2 .td-element-style').each(function (index, element) {\n\t\t\t\t\t\t\tjQuery(element).css('opacity', 1);\n\t\t\t\t\t\t\treturn;\n\t\t\t\t\t\t});\n\t\t\t\t\t});\n\n\t\t\t\t}, 200);\n\t\t\t<\/script>\n\n\t\t\t","protected":false},"excerpt":{"rendered":"[vc_custom_heading source=\"post_title\" font_container=\"tag:h1|text_align:center\" google_fonts=\"font_family:Merienda%3Aregular%2C700|font_style:400%20regular%3A400%3Anormal\"] jQuery(window).load(function () { jQuery('body').find('#td_uid_12_69ea2484a0f17 .td-element-style').each(function (index, element) { jQuery(element).css('opacity', 1); return; }); }); jQuery(window).ready(function () { \/\/ We need timeout because the content must be rendered and interpreted on client setTimeout(function () { var $content = jQuery('body').find('#tdc-live-iframe'), refWindow = undefined; if ($content.length) { $content = $content.contents(); refWindow = document.getElementById('tdc-live-iframe').contentWindow || document.getElementById('tdc-live-iframe').contentDocument; [...]","protected":false},"author":1,"featured_media":0,"parent":0,"menu_order":0,"comment_status":"closed","ping_status":"closed","template":"","meta":{"footnotes":""},"class_list":["post-268","page","type-page","status-publish","hentry"],"_links":{"self":[{"href":"https:\/\/catolicanet.net\/wp-cnet\/wp-json\/wp\/v2\/pages\/268","targetHints":{"allow":["GET"]}}],"collection":[{"href":"https:\/\/catolicanet.net\/wp-cnet\/wp-json\/wp\/v2\/pages"}],"about":[{"href":"https:\/\/catolicanet.net\/wp-cnet\/wp-json\/wp\/v2\/types\/page"}],"author":[{"embeddable":true,"href":"https:\/\/catolicanet.net\/wp-cnet\/wp-json\/wp\/v2\/users\/1"}],"replies":[{"embeddable":true,"href":"https:\/\/catolicanet.net\/wp-cnet\/wp-json\/wp\/v2\/comments?post=268"}],"version-history":[{"count":46,"href":"https:\/\/catolicanet.net\/wp-cnet\/wp-json\/wp\/v2\/pages\/268\/revisions"}],"predecessor-version":[{"id":4826,"href":"https:\/\/catolicanet.net\/wp-cnet\/wp-json\/wp\/v2\/pages\/268\/revisions\/4826"}],"wp:attachment":[{"href":"https:\/\/catolicanet.net\/wp-cnet\/wp-json\/wp\/v2\/media?parent=268"}],"curies":[{"name":"wp","href":"https:\/\/api.w.org\/{rel}","templated":true}]}}