{"id":163,"date":"2016-10-20T13:48:42","date_gmt":"2016-10-20T15:48:42","guid":{"rendered":"http:\/\/catolicanet.net\/wp-cnet\/?page_id=163"},"modified":"2019-12-13T12:15:33","modified_gmt":"2019-12-13T15:15:33","slug":"faleconosco","status":"publish","type":"page","link":"https:\/\/catolicanet.net\/wp-cnet\/faleconosco\/","title":{"rendered":"Fale conosco"},"content":{"rendered":"<div id=\"td_uid_1_69f730e338825\" class=\"tdc-row\"><div class=\"vc_row td_uid_1_69f730e33882e_rand  wpb_row td-pb-row\" ><div class=\"vc_column td_uid_2_69f730e338a84_rand  wpb_column vc_column_container tdc-column td-pb-span8\"><div class=\"wpb_wrapper\"><div class=\"wpb_wrapper td_block_single_image td_block_wrap  td-no-img-custom-url vc_single_image td_uid_3_69f730e338c4b_rand  td-single-image-\"><a class=\"tdm-mobile-full\" style=\"background-image: url('https:\/\/catolicanet.net\/wp-cnet\/wp-content\/uploads\/logo-catolicanet-140x48.png'); height: 48px; background-size: contain; background-repeat: no-repeat; background-position: center center;\" href=\"#\"  rel=\"bookmark\"><\/a><\/div><div class=\"wpb_wrapper wpb_text_column td_block_wrap td_block_wrap vc_column_text td_uid_4_69f730e339027_rand  td-pb-border-top td_block_template_1\"  data-td-block-uid=\"td_uid_4_69f730e339027\" \"><div class=\"td-block-title-wrap\"><\/div><div class=\"td-fix-index\"><p style=\"text-align: justify;\">&#8220;Fazei com que os homens compreendam a mensagem do Evangelho&nbsp;e sejam atra&iacute;dos a viverem o ideal crist&atilde;o do amor pelo esp&iacute;rito de desapego e doa&ccedil;&atilde;o.<\/p>\n<p style=\"text-align: justify;\">Santa Teresinha do Menino Jesus, padroeira das miss&otilde;es, rogai por n&oacute;s e protegei os mission&aacute;rios. Am&eacute;m.&#8221;<\/p>\n<\/div><\/div><div class=\"wpb_wrapper td_block_wrap vc_raw_html td_uid_5_69f730e352e37_rand \"><div class=\"td-fix-index\"><!-- INICIO FORMULARIO BOTAO PAGSEGURO -->\n<form action=\"https:\/\/pagseguro.uol.com.br\/checkout\/v2\/donation.html\" method=\"post\">\n<!-- N\u00c3O EDITE OS COMANDOS DAS LINHAS ABAIXO -->\n<input type=\"hidden\" name=\"currency\" value=\"BRL\" \/>\n<input type=\"hidden\" name=\"receiverEmail\" value=\"catolicanet@catolicanet.com.br\" \/>\n<input type=\"hidden\" name=\"iot\" value=\"button\" \/>\n<input type=\"image\" src=\"https:\/\/stc.pagseguro.uol.com.br\/public\/img\/botoes\/doacoes\/205x30-doar-azul.gif\" name=\"submit\" alt=\"Pague com PagSeguro - \u00e9 r\u00e1pido, gr\u00e1tis e seguro!\" \/>\n<\/form>\n<!-- FINAL FORMULARIO BOTAO PAGSEGURO --><\/div><\/div><div class=\"vc_row_inner td_uid_6_69f730e352e75_rand  vc_row vc_inner wpb_row td-pb-row\" ><div class=\"vc_column_inner td_uid_7_69f730e352f52_rand  wpb_column vc_column_container tdc-inner-column td-pb-span6\"><div class=\"vc_column-inner\"><div class=\"wpb_wrapper\"><div class=\"td_block_wrap td_block_text_with_title td_uid_8_69f730e35334c_rand td-pb-border-top td_block_template_1\"  data-td-block-uid=\"td_uid_8_69f730e35334c\" ><div class=\"td-block-title-wrap\"><h4 class=\"block-title\"><span class=\"td-pulldown-size\">Contato<\/span><\/h4><\/div><div class=\"td_mod_wrap td-fix-index\"><p><strong>Catolicanet<\/strong><br \/>Avenida Jacinto J&uacute;lio, 145. Jardim Sat&eacute;lite, CEP: 04815-160. S&atilde;o Paulo &#8211; SP<\/p>\n<ul> \t<\/p>\n<li>(11) 5660-6800<\/li>\n<p> \t<\/p>\n<li>Email:&nbsp;<a href=\"mailto:catolicanet@catolicanet.com.br\"><strong>catolicanet@catolicanet.com.br<\/strong><\/a><\/li>\n<p><\/ul>\n<\/div><\/div><\/div><\/div><\/div><div class=\"vc_column_inner td_uid_9_69f730e353429_rand  wpb_column vc_column_container tdc-inner-column td-pb-span6\"><div class=\"vc_column-inner\"><div class=\"wpb_wrapper\"><div class=\"td_block_wrap td_block_text_with_title td_uid_10_69f730e3534af_rand td-pb-border-top td_block_template_1\"  data-td-block-uid=\"td_uid_10_69f730e3534af\" ><div class=\"td-block-title-wrap\"><h4 class=\"block-title\"><span class=\"td-pulldown-size\">Sobre n\u00f3s<\/span><\/h4><\/div><div class=\"td_mod_wrap td-fix-index\"><p style=\"text-align: justify;\"><strong>Catolicanet<\/strong>&nbsp;&eacute; uma Associa&ccedil;&atilde;o Privada de Fi&eacute;is de Direito Diocesano. Sua espiritualidade mission&aacute;ria est&aacute; centrada em Santa Teresinha do Menino Jesus.<\/p>\n<\/div><\/div><\/div><\/div><\/div><\/div><div class=\"vc_row_inner td_uid_11_69f730e35353b_rand  vc_row vc_inner wpb_row td-pb-row\" ><div class=\"vc_column_inner td_uid_12_69f730e3535f7_rand  wpb_column vc_column_container tdc-inner-column td-pb-span12\"><div class=\"vc_column-inner\"><div class=\"wpb_wrapper\"><div class=\"wpb_wrapper wpb_text_column td_block_wrap td_block_wrap vc_column_text td_uid_13_69f730e3536a3_rand  td-pb-border-top td_block_template_1\"  data-td-block-uid=\"td_uid_13_69f730e3536a3\" \"><div class=\"td-block-title-wrap\"><\/div><div class=\"td-fix-index\">\n<div class=\"wpcf7 no-js\" id=\"wpcf7-f23158-o1\" lang=\"pt-BR\" dir=\"ltr\" data-wpcf7-id=\"23158\">\n<div class=\"screen-reader-response\"><p role=\"status\" aria-live=\"polite\" aria-atomic=\"true\"><\/p> <ul><\/ul><\/div>\n<form action=\"\/wp-cnet\/wp-json\/wp\/v2\/pages\/163#wpcf7-f23158-o1\" method=\"post\" class=\"wpcf7-form init cf7skins cf7s-seaspray\" aria-label=\"Formul\u00e1rios de contato\" novalidate=\"novalidate\" data-status=\"init\">\n<fieldset class=\"hidden-fields-container\"><input type=\"hidden\" name=\"_wpcf7\" value=\"23158\" \/><input type=\"hidden\" name=\"_wpcf7_version\" value=\"6.1.5\" \/><input type=\"hidden\" name=\"_wpcf7_locale\" value=\"pt_BR\" \/><input type=\"hidden\" name=\"_wpcf7_unit_tag\" value=\"wpcf7-f23158-o1\" \/><input type=\"hidden\" name=\"_wpcf7_container_post\" value=\"0\" \/><input type=\"hidden\" name=\"_wpcf7_posted_data_hash\" value=\"\" \/>\n<\/fieldset>\n<h2>Fale Conosco<\/h2>\n<p>Entre em contato preenchendo o formul\u00e1rio abaixo:<\/p>\n<br\/>\n<hr\/>\n<br\/>\n<label><strong> Seu nome <font color=\"FF0000\">*<\/font><\/strong>\n    <span class=\"wpcf7-form-control-wrap\" data-name=\"your-name\"><input size=\"40\" maxlength=\"400\" class=\"wpcf7-form-control wpcf7-text wpcf7-validates-as-required\" aria-required=\"true\" aria-invalid=\"false\" value=\"\" type=\"text\" name=\"your-name\" \/><\/span> <\/label>\n\n<label><strong> Seu e-mail <font color=\"FF0000\">*<\/font><\/strong>\n    <span class=\"wpcf7-form-control-wrap\" data-name=\"your-email\"><input size=\"40\" maxlength=\"400\" class=\"wpcf7-form-control wpcf7-email wpcf7-validates-as-required wpcf7-text wpcf7-validates-as-email\" aria-required=\"true\" aria-invalid=\"false\" value=\"\" type=\"email\" name=\"your-email\" \/><\/span> <\/label>\n\n<label><strong> Assunto <font color=\"FF0000\">*<\/font><\/strong>\n    <span class=\"wpcf7-form-control-wrap\" data-name=\"your-subject\"><input size=\"40\" maxlength=\"400\" class=\"wpcf7-form-control wpcf7-text\" aria-invalid=\"false\" value=\"\" type=\"text\" name=\"your-subject\" \/><\/span> <\/label>\n\n<label><strong> Sua mensagem <font color=\"FF0000\">*<\/font><\/strong>\n    <span class=\"wpcf7-form-control-wrap\" data-name=\"your-message\"><textarea cols=\"40\" rows=\"10\" maxlength=\"2000\" class=\"wpcf7-form-control wpcf7-textarea\" aria-invalid=\"false\" name=\"your-message\"><\/textarea><\/span> <\/label>\n\n<p>(*) Campos obrigat\u00f3rios<\/p>\n\n<input class=\"wpcf7-form-control wpcf7-submit has-spinner\" type=\"submit\" value=\"Enviar\" \/><div class=\"wpcf7-response-output\" aria-hidden=\"true\"><\/div>\n<\/form>\n<\/div>\n\n<\/div><\/div><\/div><\/div><\/div><\/div><\/div><\/div><div class=\"vc_column td_uid_14_69f730e35c40c_rand  wpb_column vc_column_container tdc-column td-pb-span4\"><div class=\"wpb_wrapper\"><div class=\"wpb_wrapper td_block_wrap vc_widget_sidebar td_uid_15_69f730e35c4ca_rand \" ><div class=\"td_block_wrap td_block_weather td_block_widget td_uid_16_69f730e35c6fe_rand td-pb-border-top td_block_template_1\"  data-td-block-uid=\"td_uid_16_69f730e35c6fe\" ><div class=\"td-block-title-wrap\"><h4 class=\"block-title\"><span class=\"td-pulldown-size\">Tempo<\/span><\/h4><\/div><div id=td_uid_16_69f730e35c6fe class=\"td-weather-wrap td_block_inner td-column-1\"><!-- td weather source: cache -->\n\t\t<div class=\"td-weather-header\">\n\t\t\t<div class=\"td-weather-city\">S\u00e3o Paulo<\/div>\n\t\t\t<div class=\"td-weather-condition\">chuvisco fraco<\/div>\n\t\t\t<i class=\"td-location-icon td-icons-location\" data-block-uid=\"td_uid_16_69f730e35c6fe\"><\/i>\n\t\t<\/div>\n\n\t\t<div class=\"td-weather-set-location\">\n\t\t\t<form class=\"td-manual-location-form\" action=\"#\" data-block-uid=\"td_uid_16_69f730e35c6fe\">\n\t\t\t\t<input id=\"td_uid_16_69f730e35c6fe\" class=\"td-location-set-input\" type=\"text\"\n\t\t\t\t\t   name=\"location\" value=\"\">\n\t\t\t\t<label>enter location<\/label>\n\t\t\t<\/form>\n\t\t<\/div>\n\n\t\t<div class=\"td-weather-temperature\">\n\t\t\t<div class=\"td-weather-temp-wrap\">\n\t\t\t\t<div class=\"td-weather-animated-icon\">\n\t\t\t\t\t<span\n\t\t\t\t\t\tclass=\"td_animation_sprite-27-100-80-0-0-1 shower-rain-d td-w-today-icon\"\n\t\t\t\t\t\tdata-td-block-uid=\"td_uid_16_69f730e35c6fe\"><\/span>\n\t\t\t\t<\/div>\n\t\t\t\t<div class=\"td-weather-now\" data-block-uid=\"td_uid_16_69f730e35c6fe\">\n\t\t\t\t\t<span class=\"td-big-degrees\">18.1<\/span>\n\t\t\t\t\t<span class=\"td-circle\">&deg;<\/span>\n\t\t\t\t\t<span class=\"td-weather-unit\">C<\/span>\n\t\t\t\t<\/div>\n\t\t\t\t<div class=\"td-weather-lo-hi\">\n\t\t\t\t\t<div class=\"td-weather-degrees-wrap\">\n\t\t\t\t\t\t<i class=\"td-up-icon td-icons-arrows-up\"><\/i>\n\t\t\t\t\t\t<span\n\t\t\t\t\t\t\tclass=\"td-small-degrees td-w-high-temp\">18.9<\/span>\n\t\t\t\t\t\t<span class=\"td-circle\">&deg;<\/span>\n\t\t\t\t\t<\/div>\n\t\t\t\t\t<div class=\"td-weather-degrees-wrap\">\n\t\t\t\t\t\t<i class=\"td-down-icon td-icons-arrows-down\"><\/i>\n\t\t\t\t\t\t<span\n\t\t\t\t\t\t\tclass=\"td-small-degrees td-w-low-temp\">17.5<\/span>\n\t\t\t\t\t\t<span class=\"td-circle\">&deg;<\/span>\n\t\t\t\t\t<\/div>\n\t\t\t\t<\/div>\n\t\t\t<\/div>\n\t\t<\/div>\n\n\t\t<div class=\"td-weather-info-wrap\">\n\t\t\t<div class=\"td-weather-information\">\n\t\t\t\t<div class=\"td-weather-section-1\">\n\t\t\t\t\t<i class=\"td-icons-drop\"><\/i>\n\t\t\t\t\t<span class=\"td-weather-parameter td-w-today-humidity\">94\t\t\t\t\t\t%<\/span>\n\t\t\t\t<\/div>\n\t\t\t\t<div class=\"td-weather-section-2\">\n\t\t\t\t\t<i class=\"td-icons-wind\"><\/i>\n\t\t\t\t\t<span\n\t\t\t\t\t\tclass=\"td-weather-parameter td-w-today-wind-speed\">6.2kmh<\/span>\n\t\t\t\t<\/div>\n\t\t\t\t<div class=\"td-weather-section-3\">\n\t\t\t\t\t<i class=\"td-icons-cloud\"><\/i>\n\t\t\t\t\t<span class=\"td-weather-parameter td-w-today-clouds\">75\t\t\t\t\t\t%<\/span>\n\t\t\t\t<\/div>\n\t\t\t<\/div>\n\n\n\t\t\t<div class=\"td-weather-week\">\n\t\t\t\t\t\t\t\t\t<div class=\"td-weather-days\">\n\t\t\t\t\t\t<div class=\"td-day-0\">dom<\/div>\n\n\t\t\t\t\t\t<div class=\"td-day-degrees\">\n\t\t\t\t\t\t\t<span\n\t\t\t\t\t\t\t\tclass=\"td-degrees-0\">20<\/span>\n\t\t\t\t\t\t\t<span class=\"td-circle\">&deg;<\/span>\n\t\t\t\t\t\t<\/div>\n\t\t\t\t\t<\/div>\n\t\t\t\t\t\t\t\t\t\t<div class=\"td-weather-days\">\n\t\t\t\t\t\t<div class=\"td-day-1\">seg<\/div>\n\n\t\t\t\t\t\t<div class=\"td-day-degrees\">\n\t\t\t\t\t\t\t<span\n\t\t\t\t\t\t\t\tclass=\"td-degrees-1\">27<\/span>\n\t\t\t\t\t\t\t<span class=\"td-circle\">&deg;<\/span>\n\t\t\t\t\t\t<\/div>\n\t\t\t\t\t<\/div>\n\t\t\t\t\t\t\t\t\t\t<div class=\"td-weather-days\">\n\t\t\t\t\t\t<div class=\"td-day-2\">ter<\/div>\n\n\t\t\t\t\t\t<div class=\"td-day-degrees\">\n\t\t\t\t\t\t\t<span\n\t\t\t\t\t\t\t\tclass=\"td-degrees-2\">30<\/span>\n\t\t\t\t\t\t\t<span class=\"td-circle\">&deg;<\/span>\n\t\t\t\t\t\t<\/div>\n\t\t\t\t\t<\/div>\n\t\t\t\t\t\t\t\t\t\t<div class=\"td-weather-days\">\n\t\t\t\t\t\t<div class=\"td-day-3\">qua<\/div>\n\n\t\t\t\t\t\t<div class=\"td-day-degrees\">\n\t\t\t\t\t\t\t<span\n\t\t\t\t\t\t\t\tclass=\"td-degrees-3\">30<\/span>\n\t\t\t\t\t\t\t<span class=\"td-circle\">&deg;<\/span>\n\t\t\t\t\t\t<\/div>\n\t\t\t\t\t<\/div>\n\t\t\t\t\t\t\t\t\t\t<div class=\"td-weather-days\">\n\t\t\t\t\t\t<div class=\"td-day-4\">qui<\/div>\n\n\t\t\t\t\t\t<div class=\"td-day-degrees\">\n\t\t\t\t\t\t\t<span\n\t\t\t\t\t\t\t\tclass=\"td-degrees-4\">29<\/span>\n\t\t\t\t\t\t\t<span class=\"td-circle\">&deg;<\/span>\n\t\t\t\t\t\t<\/div>\n\t\t\t\t\t<\/div>\n\t\t\t\t\t\t\t\t<\/div>\n\t\t<\/div>\n\n\t\t<\/div><\/div> <!-- .\/block --><aside class=\"td_block_template_1 widget singleBannerWidget\"><h4 class=\"block-title\"><span>Reflex\u00e3o<\/span><\/h4><div class=\"banner_wrapper\" style=\"\"><div class=\"banner  banner-866 bottom vert custom-banners-theme-default_style\" style=\"width: auto; height: auto;\"><img loading=\"lazy\" decoding=\"async\" width=\"797\" height=\"432\" src=\"https:\/\/catolicanet.net\/wp-cnet\/wp-content\/uploads\/Liturgia.png\" class=\"attachment-full size-full\" alt=\"\" srcset=\"https:\/\/catolicanet.net\/wp-cnet\/wp-content\/uploads\/Liturgia.png 797w, https:\/\/catolicanet.net\/wp-cnet\/wp-content\/uploads\/Liturgia-300x163.png 300w, https:\/\/catolicanet.net\/wp-cnet\/wp-content\/uploads\/Liturgia-768x416.png 768w, https:\/\/catolicanet.net\/wp-cnet\/wp-content\/uploads\/Liturgia-600x325.png 600w, https:\/\/catolicanet.net\/wp-cnet\/wp-content\/uploads\/Liturgia-696x377.png 696w, https:\/\/catolicanet.net\/wp-cnet\/wp-content\/uploads\/Liturgia-775x420.png 775w\" sizes=\"auto, (max-width: 797px) 100vw, 797px\" \/><a class=\"custom_banners_big_link\"  href=\"http:\/\/catolicanet.net\/wp-cnet\/liturgia-diaria\/\"><\/a><\/div><\/div><\/aside><aside class=\"td_block_template_1 widget singleBannerWidget\"><h4 class=\"block-title\"><span>Ore conosco!<\/span><\/h4><div class=\"banner_wrapper\" style=\"\"><div class=\"banner  banner-864 bottom vert custom-banners-theme-default_style\" style=\"width: auto; height: auto;\"><a class=\"custom_banners_big_link\"  href=\"http:\/\/catolicanet.net\/wp-cnet\/pedido-de-oracao\/\"><\/a><\/div><\/div><\/aside><aside class=\"td_block_template_1 widget singleBannerWidget\"><h4 class=\"block-title\"><span>Fa\u00e7a sua prece!<\/span><\/h4><div class=\"banner_wrapper\" style=\"\"><div class=\"banner  banner-871 bottom vert custom-banners-theme-default_style\" style=\"width: auto; height: auto;\"><img loading=\"lazy\" decoding=\"async\" width=\"800\" height=\"800\" src=\"https:\/\/catolicanet.net\/wp-cnet\/wp-content\/uploads\/who-cares_.jpg\" class=\"attachment-full size-full\" alt=\"\" srcset=\"https:\/\/catolicanet.net\/wp-cnet\/wp-content\/uploads\/who-cares_.jpg 800w, https:\/\/catolicanet.net\/wp-cnet\/wp-content\/uploads\/who-cares_-300x300.jpg 300w, https:\/\/catolicanet.net\/wp-cnet\/wp-content\/uploads\/who-cares_-150x150.jpg 150w, https:\/\/catolicanet.net\/wp-cnet\/wp-content\/uploads\/who-cares_-768x768.jpg 768w, https:\/\/catolicanet.net\/wp-cnet\/wp-content\/uploads\/who-cares_-600x600.jpg 600w, https:\/\/catolicanet.net\/wp-cnet\/wp-content\/uploads\/who-cares_-696x696.jpg 696w, https:\/\/catolicanet.net\/wp-cnet\/wp-content\/uploads\/who-cares_-420x420.jpg 420w\" sizes=\"auto, (max-width: 800px) 100vw, 800px\" \/><a class=\"custom_banners_big_link\"  href=\"http:\/\/catolicanet.net\/wp-cnet\/vela-virtual\/\"><\/a><\/div><\/div><\/aside><aside class=\"td_block_template_1 widget widget_text\"><h4 class=\"block-title\"><span>Colabore!<\/span><\/h4>\t\t\t<div class=\"textwidget\"><!-- INICIO FORMULARIO BOTAO PAGSEGURO -->\r\n<form action=\"https:\/\/pagseguro.uol.com.br\/checkout\/v2\/donation.html\" method=\"post\">\r\n<!-- N\u00c3O EDITE OS COMANDOS DAS LINHAS ABAIXO -->\r\n<input type=\"hidden\" name=\"currency\" value=\"BRL\" \/>\r\n<input type=\"hidden\" name=\"receiverEmail\" value=\"catolicanet@catolicanet.com.br\" \/>\r\n<input type=\"hidden\" name=\"iot\" value=\"button\" \/>\r\n<input type=\"image\" src=\"https:\/\/stc.pagseguro.uol.com.br\/public\/img\/botoes\/doacoes\/205x30-doar-azul.gif\" name=\"submit\" alt=\"Pague com PagSeguro - \u00e9 r\u00e1pido, gr\u00e1tis e seguro!\" \/>\r\n<\/form>\r\n<!-- FINAL FORMULARIO BOTAO PAGSEGURO --><\/div>\n\t\t<\/aside><\/div><\/div><\/div><\/div><\/div>\n\t\t\t<script>\n\n\t\t\t\tjQuery(window).load(function () {\n\t\t\t\t\tjQuery('body').find('#td_uid_1_69f730e338825 .td-element-style').each(function (index, element) {\n\t\t\t\t\t\tjQuery(element).css('opacity', 1);\n\t\t\t\t\t\treturn;\n\t\t\t\t\t});\n\t\t\t\t});\n\n\t\t\t<\/script>\n\n\t\t\n\t\t\t<script>\n\n\t\t\t\tjQuery(window).ready(function () {\n\n\t\t\t\t\t\/\/ We need timeout because the content must be rendered and interpreted on client\n\t\t\t\t\tsetTimeout(function () {\n\n\t\t\t\t\t\tvar $content = jQuery('body').find('#tdc-live-iframe'),\n\t\t\t\t\t\t\trefWindow = undefined;\n\n\t\t\t\t\t\tif ($content.length) {\n\t\t\t\t\t\t\t$content = $content.contents();\n\t\t\t\t\t\t\trefWindow = document.getElementById('tdc-live-iframe').contentWindow || document.getElementById('tdc-live-iframe').contentDocument;\n\n\t\t\t\t\t\t} else {\n\t\t\t\t\t\t\t$content = jQuery('body');\n\t\t\t\t\t\t\trefWindow = window;\n\t\t\t\t\t\t}\n\n\t\t\t\t\t\t$content.find('#td_uid_1_69f730e338825 .td-element-style').each(function (index, element) {\n\t\t\t\t\t\t\tjQuery(element).css('opacity', 1);\n\t\t\t\t\t\t\treturn;\n\t\t\t\t\t\t});\n\t\t\t\t\t});\n\n\t\t\t\t}, 200);\n\t\t\t<\/script>\n\n\t\t\t","protected":false},"excerpt":{"rendered":"","protected":false},"author":1,"featured_media":0,"parent":0,"menu_order":0,"comment_status":"closed","ping_status":"closed","template":"","meta":{"footnotes":""},"class_list":["post-163","page","type-page","status-publish","hentry"],"_links":{"self":[{"href":"https:\/\/catolicanet.net\/wp-cnet\/wp-json\/wp\/v2\/pages\/163","targetHints":{"allow":["GET"]}}],"collection":[{"href":"https:\/\/catolicanet.net\/wp-cnet\/wp-json\/wp\/v2\/pages"}],"about":[{"href":"https:\/\/catolicanet.net\/wp-cnet\/wp-json\/wp\/v2\/types\/page"}],"author":[{"embeddable":true,"href":"https:\/\/catolicanet.net\/wp-cnet\/wp-json\/wp\/v2\/users\/1"}],"replies":[{"embeddable":true,"href":"https:\/\/catolicanet.net\/wp-cnet\/wp-json\/wp\/v2\/comments?post=163"}],"version-history":[{"count":20,"href":"https:\/\/catolicanet.net\/wp-cnet\/wp-json\/wp\/v2\/pages\/163\/revisions"}],"predecessor-version":[{"id":55763,"href":"https:\/\/catolicanet.net\/wp-cnet\/wp-json\/wp\/v2\/pages\/163\/revisions\/55763"}],"wp:attachment":[{"href":"https:\/\/catolicanet.net\/wp-cnet\/wp-json\/wp\/v2\/media?parent=163"}],"curies":[{"name":"wp","href":"https:\/\/api.w.org\/{rel}","templated":true}]}}