{"id":110,"date":"2016-10-14T11:55:12","date_gmt":"2016-10-14T14:55:12","guid":{"rendered":"http:\/\/catolicanet.net\/wp-cnet\/donation-history\/"},"modified":"2019-06-19T11:18:00","modified_gmt":"2019-06-19T14:18:00","slug":"donation-history","status":"publish","type":"page","link":"https:\/\/catolicanet.net\/wp-cnet\/donation-history\/","title":{"rendered":"Doa\u00e7\u00f5es"},"content":{"rendered":"<div id=\"td_uid_1_69e9c2a5241ea\" class=\"tdc-row\"><div class=\"vc_row td_uid_1_69e9c2a5241f7_rand  wpb_row td-pb-row\" ><div class=\"vc_column td_uid_2_69e9c2a5244af_rand  wpb_column vc_column_container tdc-column td-pb-span8\"><div class=\"wpb_wrapper\">[vc_custom_heading text=&#8221;Fa\u00e7a sua doa\u00e7\u00e3o!&#8221; font_container=&#8221;tag:h1|text_align:left&#8221; google_fonts=&#8221;font_family:Merienda%3Aregular%2C700|font_style:400%20regular%3A400%3Anormal&#8221;]<div class=\"wpb_wrapper td_block_single_image td_block_wrap  td-no-img-custom-url vc_single_image td_uid_3_69e9c2a5246fc_rand  td-single-image-\"><a class=\"tdm-mobile-full\" style=\"background-image: url('https:\/\/catolicanet.net\/wp-cnet\/wp-content\/uploads\/cita\u00e7\u00e3o.jpg'); height: 288px; background-size: cover; background-repeat: no-repeat; background-position: center center;\" href=\"#\"  rel=\"bookmark\"><\/a><\/div><div class=\"wpb_wrapper td_block_single_image td_block_wrap  td-no-img-custom-url vc_single_image td_uid_4_69e9c2a524e21_rand  td-single-image-\"><a class=\"tdm-mobile-full\" style=\"background-image: url('https:\/\/catolicanet.net\/wp-cnet\/wp-content\/uploads\/itau.jpg'); height: 235px; background-size: cover; background-repeat: no-repeat; background-position: center center;\" href=\"#\"  rel=\"bookmark\"><\/a><\/div><div class=\"wpb_wrapper td_block_wrap vc_raw_html td_uid_5_69e9c2a525108_rand \"><div class=\"td-fix-index\"><!-- INICIO FORMULARIO BOTAO PAGSEGURO -->\n<form action=\"https:\/\/pagseguro.uol.com.br\/checkout\/v2\/donation.html\" method=\"post\" align=\"center\">\n<!-- N\u00c3O EDITE OS COMANDOS DAS LINHAS ABAIXO -->\n<input type=\"hidden\" name=\"currency\" value=\"BRL\" \/>\n<input type=\"hidden\" name=\"receiverEmail\" value=\"catolicanet@catolicanet.com.br\" \/>\n<input type=\"hidden\" name=\"iot\" value=\"button\" \/>\n<input type=\"image\" src=\"https:\/\/stc.pagseguro.uol.com.br\/public\/img\/botoes\/doacoes\/120x53-doar-azul.gif\" name=\"submit\" alt=\"Pague com PagSeguro - \u00e9 r\u00e1pido, gr\u00e1tis e seguro!\" \/>\n<\/form>\n<!-- FINAL FORMULARIO BOTAO PAGSEGURO --><\/div><\/div><div class=\"wpb_wrapper wpb_text_column td_block_wrap td_block_wrap vc_column_text td_uid_6_69e9c2a525156_rand  td-pb-border-top td_block_template_1\"  data-td-block-uid=\"td_uid_6_69e9c2a525156\" \"><div class=\"td-block-title-wrap\"><\/div><div class=\"td-fix-index\"><p style=\"text-align: justify;\">Voc\u00ea que vem acompanhando a caminhada mission\u00e1ria da Catolicanet nestes 10 anos, agora pode viajar em miss\u00e3o pelo Brasil e o mundo com os mission\u00e1rios deste Instituto.Ainda que seus compromissos familiares, escolares, profissionais ou sociais n\u00e3o lhe permitam ausentar-se por algum per\u00edodo, voc\u00ea pode ajudar no projeto de evangeliza\u00e7\u00e3o da Igreja do Brasil.<\/p>\n<p style=\"text-align: justify;\">Quem ajuda a miss\u00e3o, tem os mesmos m\u00e9ritos mission\u00e1rios.<\/p>\n<p style=\"text-align: justify;\">A cada doa\u00e7\u00e3o sua presen\u00e7a e ora\u00e7\u00e3o acompanham o mission\u00e1rio incentivando-o e encorajando-o para divulgar a Palavra de Deus.<\/p>\n<p style=\"text-align: justify;\">Jesus enviou dois a dois para pregar o Evangelho em todos os cantos do mundo. N\u00e3o levavam nada sen\u00e3o seus cora\u00e7\u00f5es cheios do Esp\u00edrito Santo, (MT 10,9-10). Enfrentaram grandes desafios e muitas vezes torturas desumanas, mas \u00a0as ora\u00e7\u00f5es e a esperan\u00e7a dos que ficavam os encorajavam a prosseguir.Hoje os desafios n\u00e3o s\u00e3o diferentes: longas dist\u00e2ncias a percorrer, indiferen\u00e7a, ceticismo, esc\u00e1rnio, ironia e, muitas vezes agress\u00f5es f\u00edsicas ainda acontecem (Mt 10,16). Por\u00e9m, existem pessoas que se oferecem para acompanhar a miss\u00e3o com sua doa\u00e7\u00e3o e suas ora\u00e7\u00f5es. O mission\u00e1rio nunca est\u00e1 sozinho. As gra\u00e7as de Deus s\u00e3o derramadas sobre os que se p\u00f5em a caminho de uma maneira ou de outra, (MT 10,40-42).<\/p>\n<p style=\"text-align: justify;\">Sem sair de casa ou ausentar-se dos estudos e do trabalho, voc\u00ea pode contribuir para a Forma\u00e7\u00e3o de L\u00edderes Mission\u00e1rios, a Implanta\u00e7\u00e3o e Anima\u00e7\u00e3o da Inf\u00e2ncia Mission\u00e1ria, a realiza\u00e7\u00e3o das Santas Miss\u00f5es Populares, a conscientiza\u00e7\u00e3o sobre a import\u00e2ncia do D\u00edzimo e da Oferta para a constru\u00e7\u00e3o e manuten\u00e7\u00e3o de Igrejas no Brasil e forma\u00e7\u00e3o das Pastorais da Comunica\u00e7\u00e3o.<\/p>\n<p style=\"text-align: justify;\">A Catolicanet, al\u00e9m das atividades na internet, j\u00e1 percorreu, gratuitamente, em miss\u00e3o, todo o Brasil, pa\u00edses das Am\u00e9ricas do Norte, Central e do Sul, al\u00e9m de pa\u00edses asi\u00e1ticos para levar o Evangelho de Jesus. &#8220;Recebestes de gra\u00e7a, de gra\u00e7a dai (MT 10,8). No entanto, sabemos que para atravessar territ\u00f3rios e manter a tecnologia do Portal de internet s\u00e3o necess\u00e1rios recursos. Para manter vivo e desenvolver este projeto de evangeliza\u00e7\u00e3o \u00e9 que convidamos voc\u00ea a sair conosco nessa miss\u00e3o.<\/p>\n<p style=\"text-align: justify;\">Reflita e se sentir em seu cora\u00e7\u00e3o, que deve ajudar a manter acesa a chama da esperan\u00e7a no cora\u00e7\u00e3o dos cat\u00f3licos do Brasil e do mundo, clique no link acima para contribuir.<\/p>\n<p style=\"text-align: justify;\">&#8220;Deus, que vos chamou das trevas \u00e0 sua luz admir\u00e1vel, derrame sobre v\u00f3s as suas b\u00ean\u00e7\u00e3os e vos confirme na f\u00e9, na esperan\u00e7a e na caridade&#8221;.<\/p>\n<\/div><\/div><div class=\"wpb_wrapper td_block_wrap vc_raw_html td_uid_7_69e9c2a54422f_rand \"><div class=\"td-fix-index\"><!-- INICIO FORMULARIO BOTAO PAGSEGURO -->\n<form action=\"https:\/\/pagseguro.uol.com.br\/checkout\/v2\/donation.html\" method=\"post\">\n<!-- N\u00c3O EDITE OS COMANDOS DAS LINHAS ABAIXO -->\n<input type=\"hidden\" name=\"currency\" value=\"BRL\" \/>\n<input type=\"hidden\" name=\"receiverEmail\" value=\"catolicanet@catolicanet.com.br\" \/>\n<input type=\"hidden\" name=\"iot\" value=\"button\" \/>\n<input type=\"image\" src=\"https:\/\/stc.pagseguro.uol.com.br\/public\/img\/botoes\/doacoes\/205x30-doar-azul.gif\" name=\"submit\" alt=\"Doe com PagSeguro - \u00e9 r\u00e1pido, gr\u00e1tis e seguro!\" \/>\n<\/form>\n<!-- FINAL FORMULARIO BOTAO PAGSEGURO --><\/div><\/div><\/div><\/div><div class=\"vc_column td_uid_8_69e9c2a54429c_rand  wpb_column vc_column_container tdc-column td-pb-span4\"><div class=\"wpb_wrapper\"><div class=\"wpb_wrapper td_block_empty_space td_block_wrap vc_empty_space td_uid_9_69e9c2a5443d8_rand \"  style=\"height: 32px\"><\/div><div class=\"wpb_wrapper td_block_wrap vc_widget_sidebar td_uid_10_69e9c2a54441b_rand \" ><aside class=\"td_block_template_1 widget singleBannerWidget\"><h4 class=\"block-title\"><span>Reflex\u00e3o<\/span><\/h4><div class=\"banner_wrapper\" style=\"\"><div class=\"banner  banner-866 top vert custom-banners-theme-default_style\" style=\"width: auto; height: auto;\"><img loading=\"lazy\" decoding=\"async\" width=\"797\" height=\"432\" src=\"https:\/\/catolicanet.net\/wp-cnet\/wp-content\/uploads\/Liturgia.png\" class=\"attachment-full size-full\" alt=\"\" srcset=\"https:\/\/catolicanet.net\/wp-cnet\/wp-content\/uploads\/Liturgia.png 797w, https:\/\/catolicanet.net\/wp-cnet\/wp-content\/uploads\/Liturgia-300x163.png 300w, https:\/\/catolicanet.net\/wp-cnet\/wp-content\/uploads\/Liturgia-768x416.png 768w, https:\/\/catolicanet.net\/wp-cnet\/wp-content\/uploads\/Liturgia-600x325.png 600w, https:\/\/catolicanet.net\/wp-cnet\/wp-content\/uploads\/Liturgia-696x377.png 696w, https:\/\/catolicanet.net\/wp-cnet\/wp-content\/uploads\/Liturgia-775x420.png 775w\" sizes=\"auto, (max-width: 797px) 100vw, 797px\" \/><a class=\"custom_banners_big_link\"  href=\"http:\/\/catolicanet.net\/wp-cnet\/liturgia-diaria\/\"><\/a><\/div><\/div><\/aside><\/div><div class=\"wpb_wrapper td_block_wrap vc_widget_sidebar td_uid_11_69e9c2a5476c5_rand \" ><aside class=\"td_block_template_1 widget singleBannerWidget\"><h4 class=\"block-title\"><span>Ore Conosco!<\/span><\/h4><div class=\"banner_wrapper\" style=\"\"><div class=\"banner  banner-864 bottom vert custom-banners-theme-default_style\" style=\"width: auto; height: auto;\"><a class=\"custom_banners_big_link\"  href=\"http:\/\/catolicanet.net\/wp-cnet\/pedido-de-oracao\/\"><\/a><\/div><\/div><\/aside><\/div><div class=\"wpb_wrapper td_block_wrap vc_widget_sidebar td_uid_12_69e9c2a548020_rand \" ><aside class=\"td_block_template_1 widget singleBannerWidget\"><h4 class=\"block-title\"><span>Fa\u00e7a sua prece!<\/span><\/h4><div class=\"banner_wrapper\" style=\"\"><div class=\"banner  banner-871 top vert custom-banners-theme-default_style\" style=\"width: auto; height: auto;\"><img loading=\"lazy\" decoding=\"async\" width=\"800\" height=\"800\" src=\"https:\/\/catolicanet.net\/wp-cnet\/wp-content\/uploads\/who-cares_.jpg\" class=\"attachment-full size-full\" alt=\"\" srcset=\"https:\/\/catolicanet.net\/wp-cnet\/wp-content\/uploads\/who-cares_.jpg 800w, https:\/\/catolicanet.net\/wp-cnet\/wp-content\/uploads\/who-cares_-300x300.jpg 300w, https:\/\/catolicanet.net\/wp-cnet\/wp-content\/uploads\/who-cares_-150x150.jpg 150w, https:\/\/catolicanet.net\/wp-cnet\/wp-content\/uploads\/who-cares_-768x768.jpg 768w, https:\/\/catolicanet.net\/wp-cnet\/wp-content\/uploads\/who-cares_-600x600.jpg 600w, https:\/\/catolicanet.net\/wp-cnet\/wp-content\/uploads\/who-cares_-696x696.jpg 696w, https:\/\/catolicanet.net\/wp-cnet\/wp-content\/uploads\/who-cares_-420x420.jpg 420w\" sizes=\"auto, (max-width: 800px) 100vw, 800px\" \/><a class=\"custom_banners_big_link\"  href=\"http:\/\/catolicanet.net\/wp-cnet\/vela-virtual\/\"><\/a><\/div><\/div><\/aside><\/div><div class=\"wpb_wrapper td_block_wrap vc_widget_sidebar td_uid_13_69e9c2a548b9e_rand \" ><\/div><\/div><\/div><\/div><\/div>\n\t\t\t<script>\n\n\t\t\t\tjQuery(window).load(function () {\n\t\t\t\t\tjQuery('body').find('#td_uid_1_69e9c2a5241ea .td-element-style').each(function (index, element) {\n\t\t\t\t\t\tjQuery(element).css('opacity', 1);\n\t\t\t\t\t\treturn;\n\t\t\t\t\t});\n\t\t\t\t});\n\n\t\t\t<\/script>\n\n\t\t\n\t\t\t<script>\n\n\t\t\t\tjQuery(window).ready(function () {\n\n\t\t\t\t\t\/\/ We need timeout because the content must be rendered and interpreted on client\n\t\t\t\t\tsetTimeout(function () {\n\n\t\t\t\t\t\tvar $content = jQuery('body').find('#tdc-live-iframe'),\n\t\t\t\t\t\t\trefWindow = undefined;\n\n\t\t\t\t\t\tif ($content.length) {\n\t\t\t\t\t\t\t$content = $content.contents();\n\t\t\t\t\t\t\trefWindow = document.getElementById('tdc-live-iframe').contentWindow || document.getElementById('tdc-live-iframe').contentDocument;\n\n\t\t\t\t\t\t} else {\n\t\t\t\t\t\t\t$content = jQuery('body');\n\t\t\t\t\t\t\trefWindow = window;\n\t\t\t\t\t\t}\n\n\t\t\t\t\t\t$content.find('#td_uid_1_69e9c2a5241ea .td-element-style').each(function (index, element) {\n\t\t\t\t\t\t\tjQuery(element).css('opacity', 1);\n\t\t\t\t\t\t\treturn;\n\t\t\t\t\t\t});\n\t\t\t\t\t});\n\n\t\t\t\t}, 200);\n\t\t\t<\/script>\n\n\t\t\t<div id=\"td_uid_13_69e9c2a548fbd\" class=\"tdc-row\"><div class=\"vc_row td_uid_14_69e9c2a548fc7_rand  wpb_row td-pb-row\" ><div class=\"vc_column td_uid_15_69e9c2a549158_rand  wpb_column vc_column_container tdc-column td-pb-span12\"><div class=\"wpb_wrapper\"><\/div><\/div><\/div><\/div>\n\t\t\t<script>\n\n\t\t\t\tjQuery(window).load(function () {\n\t\t\t\t\tjQuery('body').find('#td_uid_13_69e9c2a548fbd .td-element-style').each(function (index, element) {\n\t\t\t\t\t\tjQuery(element).css('opacity', 1);\n\t\t\t\t\t\treturn;\n\t\t\t\t\t});\n\t\t\t\t});\n\n\t\t\t<\/script>\n\n\t\t\n\t\t\t<script>\n\n\t\t\t\tjQuery(window).ready(function () {\n\n\t\t\t\t\t\/\/ We need timeout because the content must be rendered and interpreted on client\n\t\t\t\t\tsetTimeout(function () {\n\n\t\t\t\t\t\tvar $content = jQuery('body').find('#tdc-live-iframe'),\n\t\t\t\t\t\t\trefWindow = undefined;\n\n\t\t\t\t\t\tif ($content.length) {\n\t\t\t\t\t\t\t$content = $content.contents();\n\t\t\t\t\t\t\trefWindow = document.getElementById('tdc-live-iframe').contentWindow || document.getElementById('tdc-live-iframe').contentDocument;\n\n\t\t\t\t\t\t} else {\n\t\t\t\t\t\t\t$content = jQuery('body');\n\t\t\t\t\t\t\trefWindow = window;\n\t\t\t\t\t\t}\n\n\t\t\t\t\t\t$content.find('#td_uid_13_69e9c2a548fbd .td-element-style').each(function (index, element) {\n\t\t\t\t\t\t\tjQuery(element).css('opacity', 1);\n\t\t\t\t\t\t\treturn;\n\t\t\t\t\t\t});\n\t\t\t\t\t});\n\n\t\t\t\t}, 200);\n\t\t\t<\/script>\n\n\t\t\t","protected":false},"excerpt":{"rendered":"[vc_custom_heading text=\"Fa\u00e7a sua doa\u00e7\u00e3o!\" font_container=\"tag:h1|text_align:left\" google_fonts=\"font_family:Merienda%3Aregular%2C700|font_style:400%20regular%3A400%3Anormal\"]","protected":false},"author":1,"featured_media":0,"parent":0,"menu_order":0,"comment_status":"closed","ping_status":"closed","template":"","meta":{"footnotes":""},"class_list":["post-110","page","type-page","status-publish","hentry"],"_links":{"self":[{"href":"https:\/\/catolicanet.net\/wp-cnet\/wp-json\/wp\/v2\/pages\/110","targetHints":{"allow":["GET"]}}],"collection":[{"href":"https:\/\/catolicanet.net\/wp-cnet\/wp-json\/wp\/v2\/pages"}],"about":[{"href":"https:\/\/catolicanet.net\/wp-cnet\/wp-json\/wp\/v2\/types\/page"}],"author":[{"embeddable":true,"href":"https:\/\/catolicanet.net\/wp-cnet\/wp-json\/wp\/v2\/users\/1"}],"replies":[{"embeddable":true,"href":"https:\/\/catolicanet.net\/wp-cnet\/wp-json\/wp\/v2\/comments?post=110"}],"version-history":[{"count":20,"href":"https:\/\/catolicanet.net\/wp-cnet\/wp-json\/wp\/v2\/pages\/110\/revisions"}],"predecessor-version":[{"id":50328,"href":"https:\/\/catolicanet.net\/wp-cnet\/wp-json\/wp\/v2\/pages\/110\/revisions\/50328"}],"wp:attachment":[{"href":"https:\/\/catolicanet.net\/wp-cnet\/wp-json\/wp\/v2\/media?parent=110"}],"curies":[{"name":"wp","href":"https:\/\/api.w.org\/{rel}","templated":true}]}}